{"id":1277,"date":"2023-03-23T17:56:40","date_gmt":"2023-03-23T16:56:40","guid":{"rendered":"https:\/\/www.karinahealthandcare.com\/?page_id=1277"},"modified":"2023-04-26T14:08:15","modified_gmt":"2023-04-26T12:08:15","slug":"dien-chan","status":"publish","type":"page","link":"https:\/\/www.karinahealthandcare.com\/index.php\/dien-chan\/","title":{"rendered":"Dien Chan"},"content":{"rendered":"\t\t<div data-elementor-type=\"wp-page\" data-elementor-id=\"1277\" class=\"elementor elementor-1277\">\n\t\t\t\t\t\t<section class=\"elementor-section elementor-top-section elementor-element elementor-element-7372ec3 elementor-section-boxed elementor-section-height-default elementor-section-height-default\" data-id=\"7372ec3\" data-element_type=\"section\">\n\t\t\t\t\t\t<div class=\"elementor-container elementor-column-gap-default\">\n\t\t\t\t\t<div class=\"elementor-column elementor-col-100 elementor-top-column elementor-element elementor-element-83c46cd\" data-id=\"83c46cd\" data-element_type=\"column\">\n\t\t\t<div class=\"elementor-widget-wrap elementor-element-populated\">\n\t\t\t\t\t\t<div class=\"elementor-element elementor-element-c964451 elementor-widget elementor-widget-heading\" data-id=\"c964451\" data-element_type=\"widget\" data-widget_type=\"heading.default\">\n\t\t\t\t<div class=\"elementor-widget-container\">\n\t\t\t<h2 class=\"elementor-heading-title elementor-size-default\">Qu'est ce que la m\u00e9decine vietnamienne\n Dien Chan ?<\/h2>\t\t<\/div>\n\t\t\t\t<\/div>\n\t\t\t\t\t<\/div>\n\t\t<\/div>\n\t\t\t\t\t<\/div>\n\t\t<\/section>\n\t\t\t\t<section class=\"elementor-section elementor-top-section elementor-element elementor-element-72b7e79 elementor-section-boxed elementor-section-height-default elementor-section-height-default\" data-id=\"72b7e79\" data-element_type=\"section\">\n\t\t\t\t\t\t<div class=\"elementor-container elementor-column-gap-default\">\n\t\t\t\t\t<div class=\"elementor-column elementor-col-100 elementor-top-column elementor-element elementor-element-02c0886\" data-id=\"02c0886\" data-element_type=\"column\">\n\t\t\t<div class=\"elementor-widget-wrap elementor-element-populated\">\n\t\t\t\t\t\t<div class=\"elementor-element elementor-element-a26d852 elementor-widget elementor-widget-text-editor\" data-id=\"a26d852\" data-element_type=\"widget\" data-widget_type=\"text-editor.default\">\n\t\t\t\t<div class=\"elementor-widget-container\">\n\t\t\t\t\t\t\t<p>Dien Chan appel\u00e9 aussi <strong>multir\u00e9flexologie faciale<\/strong> est une m\u00e9thode naturelle d\u2019accompagnement de la douleur et des troubles fonctionnels, cr\u00e9\u00e9e au d\u00e9but des ann\u00e9es 1980 par le Professeur Bui Quoc Chau.<\/p><p>Elle est le plus souvent appliqu\u00e9e avec l\u2019aide d\u2019outils en utilisant les sch\u00e9mas de r\u00e9flexions refl\u00e9tant le corps sur le visage.<\/p><p>Je suis dipl\u00f4m\u00e9e de l&rsquo;\u00c9cole Internationale de Multir\u00e9flexologie Dien Chan (EIMDC).<\/p>\t\t\t\t\t\t<\/div>\n\t\t\t\t<\/div>\n\t\t\t\t\t<\/div>\n\t\t<\/div>\n\t\t\t\t\t<\/div>\n\t\t<\/section>\n\t\t\t\t<section class=\"elementor-section elementor-top-section elementor-element elementor-element-0309f47 elementor-section-full_width elementor-section-height-default elementor-section-height-default\" data-id=\"0309f47\" data-element_type=\"section\">\n\t\t\t\t\t\t<div class=\"elementor-container elementor-column-gap-default\">\n\t\t\t\t\t<div class=\"elementor-column elementor-col-100 elementor-top-column elementor-element elementor-element-0f9897c\" data-id=\"0f9897c\" data-element_type=\"column\">\n\t\t\t<div class=\"elementor-widget-wrap elementor-element-populated\">\n\t\t\t\t\t\t<div class=\"elementor-element elementor-element-79cddc0 elementor-widget__width-inherit elementor-skin-carousel elementor-arrows-yes elementor-pagination-type-bullets elementor-pagination-position-outside elementor-widget elementor-widget-media-carousel\" data-id=\"79cddc0\" data-element_type=\"widget\" data-settings=\"{&quot;space_between&quot;:{&quot;unit&quot;:&quot;px&quot;,&quot;size&quot;:15,&quot;sizes&quot;:[]},&quot;autoplay_speed&quot;:2000,&quot;skin&quot;:&quot;carousel&quot;,&quot;effect&quot;:&quot;slide&quot;,&quot;show_arrows&quot;:&quot;yes&quot;,&quot;pagination&quot;:&quot;bullets&quot;,&quot;speed&quot;:500,&quot;autoplay&quot;:&quot;yes&quot;,&quot;loop&quot;:&quot;yes&quot;,&quot;pause_on_hover&quot;:&quot;yes&quot;,&quot;pause_on_interaction&quot;:&quot;yes&quot;,&quot;space_between_tablet&quot;:{&quot;unit&quot;:&quot;px&quot;,&quot;size&quot;:10,&quot;sizes&quot;:[]},&quot;space_between_mobile&quot;:{&quot;unit&quot;:&quot;px&quot;,&quot;size&quot;:10,&quot;sizes&quot;:[]}}\" data-widget_type=\"media-carousel.default\">\n\t\t\t\t<div class=\"elementor-widget-container\">\n\t\t\t\t\t<div class=\"elementor-swiper\">\n\t\t\t<div class=\"elementor-main-swiper swiper-container\">\n\t\t\t\t<div class=\"swiper-wrapper\">\n\t\t\t\t\t\t\t\t\t\t\t<div class=\"swiper-slide\">\n\t\t\t\t\t\t\t\t\t<div class=\"elementor-carousel-image\" style=\"background-image: url(https:\/\/www.karinahealthandcare.com\/wp-content\/uploads\/2023\/03\/IMG_0864-scaled.jpg)\">\n\t\t\t\t\t<\/div>\n\t\t\t\t\t\t\t\t<\/div>\n\t\t\t\t\t\t\t\t\t\t\t<div class=\"swiper-slide\">\n\t\t\t\t\t\t\t\t\t<div class=\"elementor-carousel-image\" style=\"background-image: url(https:\/\/www.karinahealthandcare.com\/wp-content\/uploads\/2023\/03\/esq-yybody.jpg)\">\n\t\t\t\t\t<\/div>\n\t\t\t\t\t\t\t\t<\/div>\n\t\t\t\t\t\t\t\t\t\t\t<div class=\"swiper-slide\">\n\t\t\t\t\t\t\t\t\t<div class=\"elementor-carousel-image\" style=\"background-image: url(https:\/\/www.karinahealthandcare.com\/wp-content\/uploads\/2023\/03\/IMG_0531-scaled.jpg)\">\n\t\t\t\t\t<\/div>\n\t\t\t\t\t\t\t\t<\/div>\n\t\t\t\t\t\t\t\t\t\t\t<div class=\"swiper-slide\">\n\t\t\t\t\t\t\t\t\t<div class=\"elementor-carousel-image\" style=\"background-image: url(https:\/\/www.karinahealthandcare.com\/wp-content\/uploads\/2023\/03\/IMG_0925-scaled.jpg)\">\n\t\t\t\t\t<\/div>\n\t\t\t\t\t\t\t\t<\/div>\n\t\t\t\t\t\t\t\t\t\t\t<div class=\"swiper-slide\">\n\t\t\t\t\t\t\t\t\t<div class=\"elementor-carousel-image\" style=\"background-image: url(https:\/\/www.karinahealthandcare.com\/wp-content\/uploads\/2023\/03\/zwb0cv28xlxlp11hjaib8uygwh_0hm4f1gasbutiytnnjopsv9pzkousfuxdc8tyop93tdmb20xobedbnc930krpyfirmxzlf1uynfrverjrzea03nav2v_n9ip41p99jg67esbh6q_yfg4xudjw.jpg)\">\n\t\t\t\t\t<\/div>\n\t\t\t\t\t\t\t\t<\/div>\n\t\t\t\t\t\t\t\t\t\t\t<div class=\"swiper-slide\">\n\t\t\t\t\t\t\t\t\t<div class=\"elementor-carousel-image\" style=\"background-image: url(https:\/\/www.karinahealthandcare.com\/wp-content\/uploads\/2023\/03\/IMG_0874-scaled.jpg)\">\n\t\t\t\t\t<\/div>\n\t\t\t\t\t\t\t\t<\/div>\n\t\t\t\t\t\t\t\t\t\t\t<div class=\"swiper-slide\">\n\t\t\t\t\t\t\t\t\t<div class=\"elementor-carousel-image\" style=\"background-image: url(https:\/\/www.karinahealthandcare.com\/wp-content\/uploads\/2023\/03\/dien-chan-reflexologie-faciale-da4ee5d5530fef23.jpeg)\">\n\t\t\t\t\t<\/div>\n\t\t\t\t\t\t\t\t<\/div>\n\t\t\t\t\t\t\t\t\t<\/div>\n\t\t\t\t\t\t\t\t\t\t\t\t\t\t\t<div class=\"swiper-pagination\"><\/div>\n\t\t\t\t\t\t\t\t\t\t\t\t\t\t\t\t<div class=\"elementor-swiper-button elementor-swiper-button-prev\">\n\t\t\t\t\t\t\t<i class=\"eicon-chevron-left\" aria-hidden=\"true\"><\/i>\n\t\t\t\t\t\t\t<span class=\"elementor-screen-only\">Previous<\/span>\n\t\t\t\t\t\t<\/div>\n\t\t\t\t\t\t<div class=\"elementor-swiper-button elementor-swiper-button-next\">\n\t\t\t\t\t\t\t<i class=\"eicon-chevron-right\" aria-hidden=\"true\"><\/i>\n\t\t\t\t\t\t\t<span class=\"elementor-screen-only\">Next<\/span>\n\t\t\t\t\t\t<\/div>\n\t\t\t\t\t\t\t\t\t\t\t\t<\/div>\n\t\t<\/div>\n\t\t\t\t<\/div>\n\t\t\t\t<\/div>\n\t\t\t\t\t<\/div>\n\t\t<\/div>\n\t\t\t\t\t<\/div>\n\t\t<\/section>\n\t\t\t\t<section class=\"elementor-section elementor-top-section elementor-element elementor-element-169e415 elementor-section-boxed elementor-section-height-default elementor-section-height-default\" data-id=\"169e415\" data-element_type=\"section\">\n\t\t\t\t\t\t<div class=\"elementor-container elementor-column-gap-default\">\n\t\t\t\t\t<div class=\"elementor-column elementor-col-100 elementor-top-column elementor-element elementor-element-34ba759\" data-id=\"34ba759\" data-element_type=\"column\">\n\t\t\t<div class=\"elementor-widget-wrap elementor-element-populated\">\n\t\t\t\t\t\t<div class=\"elementor-element elementor-element-2ff268e elementor-widget elementor-widget-text-editor\" data-id=\"2ff268e\" data-element_type=\"widget\" data-widget_type=\"text-editor.default\">\n\t\t\t\t<div class=\"elementor-widget-container\">\n\t\t\t\t\t\t\t<p>C\u2019est une m\u00e9thode naturelle d\u2019<strong>accompagnement de la douleur<\/strong> et des troubles fonctionnels consistant \u00e0 d\u00e9tecter et \u00e0 stimuler les points douloureux avec des\u00a0outils sp\u00e9cifiques permettant ainsi de r\u00e9\u00e9quilibrer naturellement la fonction des diff\u00e9rents syst\u00e8mes du corps humain.\u00a0<br \/>Le Dien Chan permet de relancer\u00a0le processus d\u2019auto-r\u00e9gulation de l\u2019organisme, pour obtenir d\u2019une mani\u00e8re presque <strong>imm\u00e9diate<\/strong>, un\u00a0soulagement de la douleur et d\u2019autres troubles.<\/p><p><strong>Dien Chan signifie \u00a0\u00ab\u00a0diagnostic par le visage\u00a0\u00bb.<\/strong> <br \/>Miroir de l\u2019\u00e2me, le visage est peut-\u00eatre aussi celui de la gu\u00e9rison. Technique de r\u00e9flexologie concentr\u00e9e sur la zone du visage, elle\u00a0se distingue par son approche mettant en lumi\u00e8re une zone cl\u00e9 du corps humain jusque-l\u00e0 peu investie.<\/p><p>Pratiqu\u00e9 en session de courte dur\u00e9e (environ 25 minutes).\u00a0<\/p><p>Pr\u00e9venir plut\u00f4t que gu\u00e9rir. Pour pr\u00e9server votre capital sant\u00e9, il est recommand\u00e9 de faire 3-4 s\u00e9ances par an afin de maintenir le bon fonctionnement du corps.<\/p>\t\t\t\t\t\t<\/div>\n\t\t\t\t<\/div>\n\t\t\t\t<div class=\"elementor-element elementor-element-9ba507e elementor-widget elementor-widget-image\" data-id=\"9ba507e\" data-element_type=\"widget\" data-widget_type=\"image.default\">\n\t\t\t\t<div class=\"elementor-widget-container\">\n\t\t\t\t\t\t\t\t\t\t\t\t\t<img decoding=\"async\" src=\"https:\/\/www.karinahealthandcare.com\/wp-content\/uploads\/elementor\/thumbs\/lotus-p6rzeanyqbxkbmdvsl5d59ahok91r6387d65wbj6y0.png\" title=\"lotus\" alt=\"lotus\" loading=\"lazy\" \/>\t\t\t\t\t\t\t\t\t\t\t\t\t<\/div>\n\t\t\t\t<\/div>\n\t\t\t\t\t<\/div>\n\t\t<\/div>\n\t\t\t\t\t<\/div>\n\t\t<\/section>\n\t\t\t\t<section class=\"elementor-section elementor-top-section elementor-element elementor-element-8156567 elementor-section-boxed elementor-section-height-default elementor-section-height-default\" data-id=\"8156567\" data-element_type=\"section\">\n\t\t\t\t\t\t<div class=\"elementor-container elementor-column-gap-default\">\n\t\t\t\t\t<div class=\"elementor-column elementor-col-100 elementor-top-column elementor-element elementor-element-80a540e\" data-id=\"80a540e\" data-element_type=\"column\">\n\t\t\t<div class=\"elementor-widget-wrap elementor-element-populated\">\n\t\t\t\t\t\t<div class=\"elementor-element elementor-element-7323d5c elementor-widget elementor-widget-heading\" data-id=\"7323d5c\" data-element_type=\"widget\" data-widget_type=\"heading.default\">\n\t\t\t\t<div class=\"elementor-widget-container\">\n\t\t\t<h2 class=\"elementor-heading-title elementor-size-default\">\u00c0 qui s\u2019adresse le Dien Chan\u2009?<\/h2>\t\t<\/div>\n\t\t\t\t<\/div>\n\t\t\t\t\t<\/div>\n\t\t<\/div>\n\t\t\t\t\t<\/div>\n\t\t<\/section>\n\t\t\t\t<section class=\"elementor-section elementor-top-section elementor-element elementor-element-bd1cfa0 elementor-section-boxed elementor-section-height-default elementor-section-height-default\" data-id=\"bd1cfa0\" data-element_type=\"section\">\n\t\t\t\t\t\t<div class=\"elementor-container elementor-column-gap-default\">\n\t\t\t\t\t<div class=\"elementor-column elementor-col-100 elementor-top-column elementor-element elementor-element-4778016\" data-id=\"4778016\" data-element_type=\"column\">\n\t\t\t<div class=\"elementor-widget-wrap elementor-element-populated\">\n\t\t\t\t\t\t<div class=\"elementor-element elementor-element-e33ee31 elementor-widget elementor-widget-text-editor\" data-id=\"e33ee31\" data-element_type=\"widget\" data-widget_type=\"text-editor.default\">\n\t\t\t\t<div class=\"elementor-widget-container\">\n\t\t\t\t\t\t\t<p>Le DIEN CHAN se pratique aussi bien sur les enfants, les adolescents que les adultes et les personnes \u00e2g\u00e9es. <br \/><i>La r\u00e9flexologie ne se substitue pas \u00e0 la m\u00e9decine conventionnelle. <br \/>En cas de doute, parlez-en \u00e0 votre m\u00e9decin traitant.<\/i><\/p>\t\t\t\t\t\t<\/div>\n\t\t\t\t<\/div>\n\t\t\t\t\t<\/div>\n\t\t<\/div>\n\t\t\t\t\t<\/div>\n\t\t<\/section>\n\t\t\t\t<section class=\"elementor-section elementor-top-section elementor-element elementor-element-6670f67 elementor-section-boxed elementor-section-height-default elementor-section-height-default\" data-id=\"6670f67\" data-element_type=\"section\">\n\t\t\t\t\t\t<div class=\"elementor-container elementor-column-gap-default\">\n\t\t\t\t\t<div class=\"elementor-column elementor-col-100 elementor-top-column elementor-element elementor-element-96ac229\" data-id=\"96ac229\" data-element_type=\"column\">\n\t\t\t<div class=\"elementor-widget-wrap elementor-element-populated\">\n\t\t\t\t\t\t<div class=\"elementor-element elementor-element-4072f3c elementor-widget elementor-widget-price-list\" data-id=\"4072f3c\" data-element_type=\"widget\" data-widget_type=\"price-list.default\">\n\t\t\t\t<div class=\"elementor-widget-container\">\n\t\t\t\n\t\t<ul class=\"elementor-price-list\">\n\n\t\t\t\t\t\t\t\t\t<li><a class=\"elementor-price-list-item\" href=\"https:\/\/www.smartagenda.fr\/pro\/karinahealthandcare\/rendez-vous\/\">\t\t\t\t\n\t\t\t\t<div class=\"elementor-price-list-text\">\n\t\t\t\t\t\t\t\t\t<div class=\"elementor-price-list-header\">\n\t\t\t\t\t\t\t\t\t\t\t<span class=\"elementor-price-list-title\">S\u00e9ance Dien Chan R\u00e9flex<\/span>\n\t\t\t\t\t\t\t\t\t\t\t\t\t\t\t\t\t\t<span class=\"elementor-price-list-separator\"><\/span>\n\t\t\t\t\t\t\t\t\t\t\t\t\t\t\t\t\t\t\t<span class=\"elementor-price-list-price\">70 \u20ac<\/span>\n\t\t\t\t\t\t\t\t\t\t<\/div>\n\t\t\t\t\t\t\t\t\t\t\t\t<\/div>\n\t\t\t\t<\/a><\/li>\t\t\t\t\t\n\t\t<\/ul>\n\n\t\t\t\t<\/div>\n\t\t\t\t<\/div>\n\t\t\t\t\t<\/div>\n\t\t<\/div>\n\t\t\t\t\t<\/div>\n\t\t<\/section>\n\t\t\t\t<section class=\"elementor-section elementor-top-section elementor-element elementor-element-649f143 elementor-section-boxed elementor-section-height-default elementor-section-height-default\" data-id=\"649f143\" data-element_type=\"section\">\n\t\t\t\t\t\t<div class=\"elementor-container elementor-column-gap-default\">\n\t\t\t\t\t<div class=\"elementor-column elementor-col-100 elementor-top-column elementor-element elementor-element-c6605a6\" data-id=\"c6605a6\" data-element_type=\"column\">\n\t\t\t<div class=\"elementor-widget-wrap elementor-element-populated\">\n\t\t\t\t\t\t<div class=\"elementor-element elementor-element-7b3e285 elementor-align-center elementor-widget elementor-widget-button\" data-id=\"7b3e285\" data-element_type=\"widget\" data-widget_type=\"button.default\">\n\t\t\t\t<div class=\"elementor-widget-container\">\n\t\t\t\t\t<div class=\"elementor-button-wrapper\">\n\t\t\t<a class=\"elementor-button elementor-button-link elementor-size-md\" href=\"https:\/\/www.smartagenda.fr\/pro\/karinahealthandcare\/rendez-vous\/\">\n\t\t\t\t\t\t<span class=\"elementor-button-content-wrapper\">\n\t\t\t\t\t\t\t\t\t<span class=\"elementor-button-text\">PRENDRE RDV<\/span>\n\t\t\t\t\t<\/span>\n\t\t\t\t\t<\/a>\n\t\t<\/div>\n\t\t\t\t<\/div>\n\t\t\t\t<\/div>\n\t\t\t\t\t<\/div>\n\t\t<\/div>\n\t\t\t\t\t<\/div>\n\t\t<\/section>\n\t\t\t\t<\/div>\n\t\t","protected":false},"excerpt":{"rendered":"<p>Qu&rsquo;est ce que la m\u00e9decine vietnamienne Dien Chan ? Dien Chan appel\u00e9 aussi multir\u00e9flexologie faciale est une m\u00e9thode naturelle d\u2019accompagnement de la douleur et des troubles fonctionnels, cr\u00e9\u00e9e au d\u00e9but des ann\u00e9es 1980 par le Professeur Bui Quoc Chau. Elle est le plus souvent appliqu\u00e9e avec l\u2019aide d\u2019outils en utilisant les sch\u00e9mas de r\u00e9flexions refl\u00e9tant [&hellip;]<\/p>\n","protected":false},"author":1,"featured_media":0,"parent":0,"menu_order":0,"comment_status":"closed","ping_status":"closed","template":"","meta":[],"_links":{"self":[{"href":"https:\/\/www.karinahealthandcare.com\/index.php\/wp-json\/wp\/v2\/pages\/1277"}],"collection":[{"href":"https:\/\/www.karinahealthandcare.com\/index.php\/wp-json\/wp\/v2\/pages"}],"about":[{"href":"https:\/\/www.karinahealthandcare.com\/index.php\/wp-json\/wp\/v2\/types\/page"}],"author":[{"embeddable":true,"href":"https:\/\/www.karinahealthandcare.com\/index.php\/wp-json\/wp\/v2\/users\/1"}],"replies":[{"embeddable":true,"href":"https:\/\/www.karinahealthandcare.com\/index.php\/wp-json\/wp\/v2\/comments?post=1277"}],"version-history":[{"count":67,"href":"https:\/\/www.karinahealthandcare.com\/index.php\/wp-json\/wp\/v2\/pages\/1277\/revisions"}],"predecessor-version":[{"id":1880,"href":"https:\/\/www.karinahealthandcare.com\/index.php\/wp-json\/wp\/v2\/pages\/1277\/revisions\/1880"}],"wp:attachment":[{"href":"https:\/\/www.karinahealthandcare.com\/index.php\/wp-json\/wp\/v2\/media?parent=1277"}],"curies":[{"name":"wp","href":"https:\/\/api.w.org\/{rel}","templated":true}]}}