{"id":182,"date":"2021-05-04T12:18:52","date_gmt":"2021-05-04T10:18:52","guid":{"rendered":"http:\/\/www.karinahealthandcare.com\/?page_id=182"},"modified":"2023-11-20T15:20:34","modified_gmt":"2023-11-20T14:20:34","slug":"a-propos","status":"publish","type":"page","link":"https:\/\/www.karinahealthandcare.com\/index.php\/a-propos\/","title":{"rendered":"Qui suis-je ?"},"content":{"rendered":"\t\t<div data-elementor-type=\"wp-page\" data-elementor-id=\"182\" class=\"elementor elementor-182\">\n\t\t\t\t\t\t<section class=\"elementor-section elementor-top-section elementor-element elementor-element-310a263 elementor-section-boxed elementor-section-height-default elementor-section-height-default\" data-id=\"310a263\" data-element_type=\"section\">\n\t\t\t\t\t\t<div class=\"elementor-container elementor-column-gap-default\">\n\t\t\t\t\t<div class=\"elementor-column elementor-col-100 elementor-top-column elementor-element elementor-element-b09aafe\" data-id=\"b09aafe\" data-element_type=\"column\">\n\t\t\t<div class=\"elementor-widget-wrap elementor-element-populated\">\n\t\t\t\t\t\t<div class=\"elementor-element elementor-element-6c8343d elementor-widget elementor-widget-spacer\" data-id=\"6c8343d\" data-element_type=\"widget\" data-widget_type=\"spacer.default\">\n\t\t\t\t<div class=\"elementor-widget-container\">\n\t\t\t\t\t<div class=\"elementor-spacer\">\n\t\t\t<div class=\"elementor-spacer-inner\"><\/div>\n\t\t<\/div>\n\t\t\t\t<\/div>\n\t\t\t\t<\/div>\n\t\t\t\t\t<\/div>\n\t\t<\/div>\n\t\t\t\t\t<\/div>\n\t\t<\/section>\n\t\t\t\t<section class=\"elementor-section elementor-top-section elementor-element elementor-element-cdfd842 elementor-section-full_width elementor-section-height-default elementor-section-height-default\" data-id=\"cdfd842\" data-element_type=\"section\" data-settings=\"{&quot;background_background&quot;:&quot;classic&quot;}\">\n\t\t\t\t\t\t<div class=\"elementor-container elementor-column-gap-default\">\n\t\t\t\t\t<div class=\"elementor-column elementor-col-100 elementor-top-column elementor-element elementor-element-68e3b71\" data-id=\"68e3b71\" data-element_type=\"column\">\n\t\t\t<div class=\"elementor-widget-wrap elementor-element-populated\">\n\t\t\t\t\t\t<div class=\"elementor-element elementor-element-67ef0b8 elementor-widget elementor-widget-heading\" data-id=\"67ef0b8\" data-element_type=\"widget\" data-widget_type=\"heading.default\">\n\t\t\t\t<div class=\"elementor-widget-container\">\n\t\t\t<h2 class=\"elementor-heading-title elementor-size-default\">KARINA NIKOLAEVA<\/h2>\t\t<\/div>\n\t\t\t\t<\/div>\n\t\t\t\t\t<\/div>\n\t\t<\/div>\n\t\t\t\t\t<\/div>\n\t\t<\/section>\n\t\t\t\t<section class=\"elementor-section elementor-top-section elementor-element elementor-element-1ba7ce5 elementor-section-full_width elementor-section-height-default elementor-section-height-default\" data-id=\"1ba7ce5\" data-element_type=\"section\">\n\t\t\t\t\t\t<div class=\"elementor-container elementor-column-gap-default\">\n\t\t\t\t\t<div class=\"elementor-column elementor-col-100 elementor-top-column elementor-element elementor-element-de1c8f6\" data-id=\"de1c8f6\" data-element_type=\"column\">\n\t\t\t<div class=\"elementor-widget-wrap elementor-element-populated\">\n\t\t\t\t\t\t<div class=\"elementor-element elementor-element-da84122 elementor-cta--layout-image-right elementor-cta--mobile-layout-image-above elementor-hidden-mobile elementor-cta--skin-classic elementor-animated-content elementor-bg-transform elementor-bg-transform-zoom-in elementor-widget elementor-widget-call-to-action\" data-id=\"da84122\" data-element_type=\"widget\" data-widget_type=\"call-to-action.default\">\n\t\t\t\t<div class=\"elementor-widget-container\">\n\t\t\t\t\t<div  class=\"elementor-cta\">\n\t\t\t\t\t<div class=\"elementor-cta__bg-wrapper\">\n\t\t\t\t<div class=\"elementor-cta__bg elementor-bg\" style=\"background-image: url(https:\/\/www.karinahealthandcare.com\/wp-content\/uploads\/2021\/05\/IMG_9926.jpg);\"><\/div>\n\t\t\t\t<div class=\"elementor-cta__bg-overlay\"><\/div>\n\t\t\t<\/div>\n\t\t\t\t\t\t\t<div class=\"elementor-cta__content\">\n\t\t\t\t\n\t\t\t\t\t\t\t\t\t<h4 class=\"elementor-cta__title elementor-cta__content-item elementor-content-item\">\n\t\t\t\t\t\tMon parcours\t\t\t\t\t<\/h4>\n\t\t\t\t\n\t\t\t\t\t\t\t\t\t<div class=\"elementor-cta__description elementor-cta__content-item elementor-content-item\">\n\t\t\t\t\t\tPassionn\u00e9e de m\u00e9decines naturelles et nutrition depuis plus de 15 ans. \n\nJe per\u00e7ois et je con\u00e7ois la personne dans sa globalit\u00e9 afin d\u2019estimer, soutenir puis optimiser les capacit\u00e9s d\u2019auto-gu\u00e9rison de l'organisme de chacun et ainsi apporter des conseils et des soins adapt\u00e9s. \n\nJe suis heureuse de pouvoir vous accompagner, guider et aider \u00e0 devenir le meilleur ami de votre corps, de votre sant\u00e9 et de votre bien-\u00eatre.\t\t\t\t\t<\/div>\n\t\t\t\t\n\t\t\t\t\t\t\t<\/div>\n\t\t\t\t\t\t<\/div>\n\t\t\t\t<\/div>\n\t\t\t\t<\/div>\n\t\t\t\t\t<\/div>\n\t\t<\/div>\n\t\t\t\t\t<\/div>\n\t\t<\/section>\n\t\t\t\t<section class=\"elementor-section elementor-top-section elementor-element elementor-element-52a28f7 elementor-section-full_width elementor-hidden-mobile elementor-section-height-default elementor-section-height-default\" data-id=\"52a28f7\" data-element_type=\"section\">\n\t\t\t\t\t\t<div class=\"elementor-container elementor-column-gap-default\">\n\t\t\t\t\t<div class=\"elementor-column elementor-col-100 elementor-top-column elementor-element elementor-element-602a94c\" data-id=\"602a94c\" data-element_type=\"column\">\n\t\t\t<div class=\"elementor-widget-wrap elementor-element-populated\">\n\t\t\t\t\t\t<div class=\"elementor-element elementor-element-69e9a0b elementor-cta--layout-image-left elementor-cta--mobile-layout-image-above elementor-cta--skin-classic elementor-animated-content elementor-bg-transform elementor-bg-transform-zoom-in elementor-widget elementor-widget-call-to-action\" data-id=\"69e9a0b\" data-element_type=\"widget\" data-widget_type=\"call-to-action.default\">\n\t\t\t\t<div class=\"elementor-widget-container\">\n\t\t\t\t\t<div  class=\"elementor-cta\">\n\t\t\t\t\t<div class=\"elementor-cta__bg-wrapper\">\n\t\t\t\t<div class=\"elementor-cta__bg elementor-bg\" style=\"background-image: url(https:\/\/www.karinahealthandcare.com\/wp-content\/uploads\/2021\/05\/IMG_9918-e1621106340858.jpg);\"><\/div>\n\t\t\t\t<div class=\"elementor-cta__bg-overlay\"><\/div>\n\t\t\t<\/div>\n\t\t\t\t\t\t\t<div class=\"elementor-cta__content\">\n\t\t\t\t\n\t\t\t\t\t\t\t\t\t<h4 class=\"elementor-cta__title elementor-cta__content-item elementor-content-item\">\n\t\t\t\t\t\tMes sp\u00e9cialit\u00e9s\t\t\t\t\t<\/h4>\n\t\t\t\t\n\t\t\t\t\t\t\t\t\t<div class=\"elementor-cta__description elementor-cta__content-item elementor-content-item\">\n\t\t\t\t\t\tJe suis praticienne hygi\u00e9niste et th\u00e9rapeute dans de multiples domaines de la sant\u00e9 et du bien-\u00eatre : Bior\u00e9sonance, Naturopathie, Hygi\u00e9nisme, Dien Chan, Iridologie, Nutrition, Bol d'air Jacquier, Aroma-phytotherapie. \nPraticienne professionnelle de plusieurs massages th\u00e9rapeutiques mais aussi de la m\u00e9thode Renata Fran\u00e7a.\n<br><br>J'ai \u00e9galement \u00e9t\u00e9  dipl\u00f4m\u00e9e d\u2019un CQP dans le domaine de toutes activit\u00e9s gymniques d\u2019expression et d\u2019entretien corporel me permettant d\u2019encadrer, de mani\u00e8re professionnelle, des seances personnalis\u00e9es de \"sport-sant\u00e9\". \n\nToutes ces activit\u00e9s m\u2019ont permis de cr\u00e9er un concept de prise en main, plus globale, de votre \u00ab Sant\u00e9 - Forme - Bien-\u00eatre&nbsp;\u00bb.\t\t\t\t\t<\/div>\n\t\t\t\t\n\t\t\t\t\t\t\t<\/div>\n\t\t\t\t\t\t<\/div>\n\t\t\t\t<\/div>\n\t\t\t\t<\/div>\n\t\t\t\t\t<\/div>\n\t\t<\/div>\n\t\t\t\t\t<\/div>\n\t\t<\/section>\n\t\t\t\t<section class=\"elementor-section elementor-top-section elementor-element elementor-element-a33d12f elementor-hidden-desktop elementor-hidden-tablet elementor-section-boxed elementor-section-height-default elementor-section-height-default\" data-id=\"a33d12f\" data-element_type=\"section\">\n\t\t\t\t\t\t<div class=\"elementor-container elementor-column-gap-default\">\n\t\t\t\t\t<div class=\"elementor-column elementor-col-100 elementor-top-column elementor-element elementor-element-12023f8\" data-id=\"12023f8\" data-element_type=\"column\">\n\t\t\t<div class=\"elementor-widget-wrap elementor-element-populated\">\n\t\t\t\t\t\t<div class=\"elementor-element elementor-element-5b677b3 elementor-widget elementor-widget-image\" data-id=\"5b677b3\" data-element_type=\"widget\" data-widget_type=\"image.default\">\n\t\t\t\t<div class=\"elementor-widget-container\">\n\t\t\t\t\t\t\t\t\t\t\t\t\t<img fetchpriority=\"high\" decoding=\"async\" width=\"768\" height=\"960\" src=\"https:\/\/www.karinahealthandcare.com\/wp-content\/uploads\/2023\/11\/06707CF7-654E-46FD-B08B-BF424965D250-2-768x960.jpg\" class=\"attachment-medium_large size-medium_large wp-image-2198\" alt=\"\" srcset=\"https:\/\/www.karinahealthandcare.com\/wp-content\/uploads\/2023\/11\/06707CF7-654E-46FD-B08B-BF424965D250-2-768x960.jpg 768w, https:\/\/www.karinahealthandcare.com\/wp-content\/uploads\/2023\/11\/06707CF7-654E-46FD-B08B-BF424965D250-2-240x300.jpg 240w, https:\/\/www.karinahealthandcare.com\/wp-content\/uploads\/2023\/11\/06707CF7-654E-46FD-B08B-BF424965D250-2-819x1024.jpg 819w, https:\/\/www.karinahealthandcare.com\/wp-content\/uploads\/2023\/11\/06707CF7-654E-46FD-B08B-BF424965D250-2-1229x1536.jpg 1229w, https:\/\/www.karinahealthandcare.com\/wp-content\/uploads\/2023\/11\/06707CF7-654E-46FD-B08B-BF424965D250-2.jpg 1440w\" sizes=\"(max-width: 768px) 100vw, 768px\" \/>\t\t\t\t\t\t\t\t\t\t\t\t\t<\/div>\n\t\t\t\t<\/div>\n\t\t\t\t<div class=\"elementor-element elementor-element-f9dcd99 elementor-widget elementor-widget-heading\" data-id=\"f9dcd99\" data-element_type=\"widget\" data-widget_type=\"heading.default\">\n\t\t\t\t<div class=\"elementor-widget-container\">\n\t\t\t<h3 class=\"elementor-heading-title elementor-size-default\">Mon parcours<\/h3>\t\t<\/div>\n\t\t\t\t<\/div>\n\t\t\t\t<div class=\"elementor-element elementor-element-2b13bdc elementor-widget elementor-widget-text-editor\" data-id=\"2b13bdc\" data-element_type=\"widget\" data-widget_type=\"text-editor.default\">\n\t\t\t\t<div class=\"elementor-widget-container\">\n\t\t\t\t\t\t\t<p>Passionn\u00e9e de m\u00e9decines naturelles et nutrition depuis plus de 15 ans. Je per\u00e7ois et je con\u00e7ois la personne dans sa globalit\u00e9 afin d\u2019estimer, soutenir puis optimiser les capacit\u00e9s d\u2019auto-gu\u00e9rison de l&rsquo;organisme de chacun et ainsi apporter des conseils et des soins adapt\u00e9s. Je suis heureuse de pouvoir vous accompagner, guider et aider \u00e0 devenir le meilleur ami de votre corps, de votre sant\u00e9 et de votre bien-\u00eatre.\u200b<\/p>\t\t\t\t\t\t<\/div>\n\t\t\t\t<\/div>\n\t\t\t\t\t<\/div>\n\t\t<\/div>\n\t\t\t\t\t<\/div>\n\t\t<\/section>\n\t\t\t\t<section class=\"elementor-section elementor-top-section elementor-element elementor-element-b432c87 elementor-hidden-desktop elementor-hidden-tablet elementor-section-boxed elementor-section-height-default elementor-section-height-default\" data-id=\"b432c87\" data-element_type=\"section\">\n\t\t\t\t\t\t<div class=\"elementor-container elementor-column-gap-default\">\n\t\t\t\t\t<div class=\"elementor-column elementor-col-100 elementor-top-column elementor-element elementor-element-760f699\" data-id=\"760f699\" data-element_type=\"column\">\n\t\t\t<div class=\"elementor-widget-wrap elementor-element-populated\">\n\t\t\t\t\t\t<div class=\"elementor-element elementor-element-940dadc elementor-widget elementor-widget-image\" data-id=\"940dadc\" data-element_type=\"widget\" data-widget_type=\"image.default\">\n\t\t\t\t<div class=\"elementor-widget-container\">\n\t\t\t\t\t\t\t\t\t\t\t\t\t<img decoding=\"async\" width=\"768\" height=\"741\" src=\"https:\/\/www.karinahealthandcare.com\/wp-content\/uploads\/2021\/05\/IMG_9918-e1621106340858-768x741.jpg\" class=\"attachment-medium_large size-medium_large wp-image-167\" alt=\"\" srcset=\"https:\/\/www.karinahealthandcare.com\/wp-content\/uploads\/2021\/05\/IMG_9918-e1621106340858-768x741.jpg 768w, https:\/\/www.karinahealthandcare.com\/wp-content\/uploads\/2021\/05\/IMG_9918-e1621106340858-300x289.jpg 300w, https:\/\/www.karinahealthandcare.com\/wp-content\/uploads\/2021\/05\/IMG_9918-e1621106340858-1024x988.jpg 1024w, https:\/\/www.karinahealthandcare.com\/wp-content\/uploads\/2021\/05\/IMG_9918-e1621106340858.jpg 1536w\" sizes=\"(max-width: 768px) 100vw, 768px\" \/>\t\t\t\t\t\t\t\t\t\t\t\t\t<\/div>\n\t\t\t\t<\/div>\n\t\t\t\t<div class=\"elementor-element elementor-element-a366fd9 elementor-widget elementor-widget-heading\" data-id=\"a366fd9\" data-element_type=\"widget\" data-widget_type=\"heading.default\">\n\t\t\t\t<div class=\"elementor-widget-container\">\n\t\t\t<h3 class=\"elementor-heading-title elementor-size-default\">Mes sp\u00e9cialit\u00e9s<\/h3>\t\t<\/div>\n\t\t\t\t<\/div>\n\t\t\t\t<div class=\"elementor-element elementor-element-87e365b elementor-widget elementor-widget-text-editor\" data-id=\"87e365b\" data-element_type=\"widget\" data-widget_type=\"text-editor.default\">\n\t\t\t\t<div class=\"elementor-widget-container\">\n\t\t\t\t\t\t\t<p>Je suis praticienne hygi\u00e9niste et th\u00e9rapeute dans de multiples domaines de la sant\u00e9 et du bien-\u00eatre : Bior\u00e9sonance, Naturopathie, Hygi\u00e9nisme, Dien Chan, Iridologie, Nutrition, Bol d&rsquo;air Jacquier, Aroma-phytotherapie. Praticienne professionnelle de plusieurs massages th\u00e9rapeutiques mais aussi de la m\u00e9thode Renata Fran\u00e7a. <br \/><br \/>J&rsquo;ai \u00e9galement \u00e9t\u00e9 dipl\u00f4m\u00e9e d\u2019un CQP dans le domaine de toutes activit\u00e9s gymniques d\u2019expression et d\u2019entretien corporel me permettant d\u2019encadrer, de mani\u00e8re professionnelle, des seances personnalis\u00e9es de \u00ab\u00a0sport-sant\u00e9\u00a0\u00bb. Toutes ces activit\u00e9s m\u2019ont permis de cr\u00e9er un concept de prise en main, plus globale, de votre \u00ab Sant\u00e9 &#8211; Forme &#8211; Bien-\u00eatre\u00a0\u00bb.\u200b<\/p>\t\t\t\t\t\t<\/div>\n\t\t\t\t<\/div>\n\t\t\t\t\t<\/div>\n\t\t<\/div>\n\t\t\t\t\t<\/div>\n\t\t<\/section>\n\t\t\t\t<section class=\"elementor-section elementor-top-section elementor-element elementor-element-832c874 elementor-section-full_width elementor-section-height-default elementor-section-height-default\" data-id=\"832c874\" data-element_type=\"section\">\n\t\t\t\t\t\t<div class=\"elementor-container elementor-column-gap-default\">\n\t\t\t\t\t<div class=\"elementor-column elementor-col-100 elementor-top-column elementor-element elementor-element-7d44675\" data-id=\"7d44675\" data-element_type=\"column\">\n\t\t\t<div class=\"elementor-widget-wrap elementor-element-populated\">\n\t\t\t\t\t\t<div class=\"elementor-element elementor-element-79728f0 elementor-widget elementor-widget-gallery\" data-id=\"79728f0\" data-element_type=\"widget\" data-settings=\"{&quot;gap&quot;:{&quot;unit&quot;:&quot;px&quot;,&quot;size&quot;:12,&quot;sizes&quot;:[]},&quot;aspect_ratio&quot;:&quot;1:1&quot;,&quot;lazyload&quot;:&quot;yes&quot;,&quot;gallery_layout&quot;:&quot;grid&quot;,&quot;columns&quot;:4,&quot;columns_tablet&quot;:2,&quot;columns_mobile&quot;:1,&quot;gap_tablet&quot;:{&quot;unit&quot;:&quot;px&quot;,&quot;size&quot;:10,&quot;sizes&quot;:[]},&quot;gap_mobile&quot;:{&quot;unit&quot;:&quot;px&quot;,&quot;size&quot;:10,&quot;sizes&quot;:[]},&quot;link_to&quot;:&quot;file&quot;,&quot;overlay_background&quot;:&quot;yes&quot;,&quot;content_hover_animation&quot;:&quot;fade-in&quot;}\" data-widget_type=\"gallery.default\">\n\t\t\t\t<div class=\"elementor-widget-container\">\n\t\t\t\t\t<div class=\"elementor-gallery__container\">\n\t\t\t\t\t\t\t<a class=\"e-gallery-item elementor-gallery-item elementor-animated-content\" href=\"https:\/\/www.karinahealthandcare.com\/wp-content\/uploads\/2021\/05\/IMG_9932.jpg\" data-elementor-open-lightbox=\"yes\" data-elementor-lightbox-slideshow=\"all-79728f0\" data-elementor-lightbox-title=\"IMG_9932\" data-e-action-hash=\"#elementor-action%3Aaction%3Dlightbox%26settings%3DeyJpZCI6MTkwLCJ1cmwiOiJodHRwczpcL1wvd3d3LmthcmluYWhlYWx0aGFuZGNhcmUuY29tXC93cC1jb250ZW50XC91cGxvYWRzXC8yMDIxXC8wNVwvSU1HXzk5MzIuanBnIiwic2xpZGVzaG93IjoiYWxsLTc5NzI4ZjAifQ%3D%3D\">\n\t\t\t\t\t<div class=\"e-gallery-image elementor-gallery-item__image\" data-thumbnail=\"https:\/\/www.karinahealthandcare.com\/wp-content\/uploads\/2021\/05\/IMG_9932.jpg\" data-width=\"1536\" data-height=\"2048\" alt=\"\" ><\/div>\n\t\t\t\t\t\t\t\t\t\t<div class=\"elementor-gallery-item__overlay\"><\/div>\n\t\t\t\t\t\t\t\t\t\t\t\t\t\t<\/a>\n\t\t\t\t\t\t\t<a class=\"e-gallery-item elementor-gallery-item elementor-animated-content\" href=\"https:\/\/www.karinahealthandcare.com\/wp-content\/uploads\/2021\/05\/IMG_9936-2.jpg\" data-elementor-open-lightbox=\"yes\" data-elementor-lightbox-slideshow=\"all-79728f0\" data-elementor-lightbox-title=\"IMG_9936 2\" data-e-action-hash=\"#elementor-action%3Aaction%3Dlightbox%26settings%3DeyJpZCI6MTg2LCJ1cmwiOiJodHRwczpcL1wvd3d3LmthcmluYWhlYWx0aGFuZGNhcmUuY29tXC93cC1jb250ZW50XC91cGxvYWRzXC8yMDIxXC8wNVwvSU1HXzk5MzYtMi5qcGciLCJzbGlkZXNob3ciOiJhbGwtNzk3MjhmMCJ9\">\n\t\t\t\t\t<div class=\"e-gallery-image elementor-gallery-item__image\" data-thumbnail=\"https:\/\/www.karinahealthandcare.com\/wp-content\/uploads\/2021\/05\/IMG_9936-2.jpg\" data-width=\"960\" data-height=\"718\" alt=\"\" ><\/div>\n\t\t\t\t\t\t\t\t\t\t<div class=\"elementor-gallery-item__overlay\"><\/div>\n\t\t\t\t\t\t\t\t\t\t\t\t\t\t<\/a>\n\t\t\t\t\t\t\t<a class=\"e-gallery-item elementor-gallery-item elementor-animated-content\" href=\"https:\/\/www.karinahealthandcare.com\/wp-content\/uploads\/2021\/05\/IMG_9927.jpg\" data-elementor-open-lightbox=\"yes\" data-elementor-lightbox-slideshow=\"all-79728f0\" data-elementor-lightbox-title=\"IMG_9927\" data-e-action-hash=\"#elementor-action%3Aaction%3Dlightbox%26settings%3DeyJpZCI6MTk1LCJ1cmwiOiJodHRwczpcL1wvd3d3LmthcmluYWhlYWx0aGFuZGNhcmUuY29tXC93cC1jb250ZW50XC91cGxvYWRzXC8yMDIxXC8wNVwvSU1HXzk5MjcuanBnIiwic2xpZGVzaG93IjoiYWxsLTc5NzI4ZjAifQ%3D%3D\">\n\t\t\t\t\t<div class=\"e-gallery-image elementor-gallery-item__image\" data-thumbnail=\"https:\/\/www.karinahealthandcare.com\/wp-content\/uploads\/2021\/05\/IMG_9927.jpg\" data-width=\"1536\" data-height=\"2048\" alt=\"\" ><\/div>\n\t\t\t\t\t\t\t\t\t\t<div class=\"elementor-gallery-item__overlay\"><\/div>\n\t\t\t\t\t\t\t\t\t\t\t\t\t\t<\/a>\n\t\t\t\t\t\t\t<a class=\"e-gallery-item elementor-gallery-item elementor-animated-content\" href=\"https:\/\/www.karinahealthandcare.com\/wp-content\/uploads\/2021\/05\/IMG_9933-e1620423319531.jpg\" data-elementor-open-lightbox=\"yes\" data-elementor-lightbox-slideshow=\"all-79728f0\" data-elementor-lightbox-title=\"IMG_9933\" data-e-action-hash=\"#elementor-action%3Aaction%3Dlightbox%26settings%3DeyJpZCI6MTg5LCJ1cmwiOiJodHRwczpcL1wvd3d3LmthcmluYWhlYWx0aGFuZGNhcmUuY29tXC93cC1jb250ZW50XC91cGxvYWRzXC8yMDIxXC8wNVwvSU1HXzk5MzMtZTE2MjA0MjMzMTk1MzEuanBnIiwic2xpZGVzaG93IjoiYWxsLTc5NzI4ZjAifQ%3D%3D\">\n\t\t\t\t\t<div class=\"e-gallery-image elementor-gallery-item__image\" data-thumbnail=\"https:\/\/www.karinahealthandcare.com\/wp-content\/uploads\/2021\/05\/IMG_9933-e1620423319531.jpg\" data-width=\"1536\" data-height=\"1192\" alt=\"\" ><\/div>\n\t\t\t\t\t\t\t\t\t\t<div class=\"elementor-gallery-item__overlay\"><\/div>\n\t\t\t\t\t\t\t\t\t\t\t\t\t\t<\/a>\n\t\t\t\t\t\t\t<a class=\"e-gallery-item elementor-gallery-item elementor-animated-content\" href=\"https:\/\/www.karinahealthandcare.com\/wp-content\/uploads\/2021\/05\/IMG_9928.jpg\" data-elementor-open-lightbox=\"yes\" data-elementor-lightbox-slideshow=\"all-79728f0\" data-elementor-lightbox-title=\"IMG_9928\" data-e-action-hash=\"#elementor-action%3Aaction%3Dlightbox%26settings%3DeyJpZCI6MTk0LCJ1cmwiOiJodHRwczpcL1wvd3d3LmthcmluYWhlYWx0aGFuZGNhcmUuY29tXC93cC1jb250ZW50XC91cGxvYWRzXC8yMDIxXC8wNVwvSU1HXzk5MjguanBnIiwic2xpZGVzaG93IjoiYWxsLTc5NzI4ZjAifQ%3D%3D\">\n\t\t\t\t\t<div class=\"e-gallery-image elementor-gallery-item__image\" data-thumbnail=\"https:\/\/www.karinahealthandcare.com\/wp-content\/uploads\/2021\/05\/IMG_9928.jpg\" data-width=\"1536\" data-height=\"2048\" alt=\"\" ><\/div>\n\t\t\t\t\t\t\t\t\t\t<div class=\"elementor-gallery-item__overlay\"><\/div>\n\t\t\t\t\t\t\t\t\t\t\t\t\t\t<\/a>\n\t\t\t\t\t\t\t<a class=\"e-gallery-item elementor-gallery-item elementor-animated-content\" href=\"https:\/\/www.karinahealthandcare.com\/wp-content\/uploads\/2021\/05\/IMG_9931.jpg\" data-elementor-open-lightbox=\"yes\" data-elementor-lightbox-slideshow=\"all-79728f0\" data-elementor-lightbox-title=\"IMG_9931\" data-e-action-hash=\"#elementor-action%3Aaction%3Dlightbox%26settings%3DeyJpZCI6MTkxLCJ1cmwiOiJodHRwczpcL1wvd3d3LmthcmluYWhlYWx0aGFuZGNhcmUuY29tXC93cC1jb250ZW50XC91cGxvYWRzXC8yMDIxXC8wNVwvSU1HXzk5MzEuanBnIiwic2xpZGVzaG93IjoiYWxsLTc5NzI4ZjAifQ%3D%3D\">\n\t\t\t\t\t<div class=\"e-gallery-image elementor-gallery-item__image\" data-thumbnail=\"https:\/\/www.karinahealthandcare.com\/wp-content\/uploads\/2021\/05\/IMG_9931.jpg\" data-width=\"1536\" data-height=\"2048\" alt=\"\" ><\/div>\n\t\t\t\t\t\t\t\t\t\t<div class=\"elementor-gallery-item__overlay\"><\/div>\n\t\t\t\t\t\t\t\t\t\t\t\t\t\t<\/a>\n\t\t\t\t\t\t\t<a class=\"e-gallery-item elementor-gallery-item elementor-animated-content\" href=\"https:\/\/www.karinahealthandcare.com\/wp-content\/uploads\/2021\/05\/IMG_9935.jpg\" data-elementor-open-lightbox=\"yes\" data-elementor-lightbox-slideshow=\"all-79728f0\" data-elementor-lightbox-title=\"IMG_9935\" data-e-action-hash=\"#elementor-action%3Aaction%3Dlightbox%26settings%3DeyJpZCI6MTg3LCJ1cmwiOiJodHRwczpcL1wvd3d3LmthcmluYWhlYWx0aGFuZGNhcmUuY29tXC93cC1jb250ZW50XC91cGxvYWRzXC8yMDIxXC8wNVwvSU1HXzk5MzUuanBnIiwic2xpZGVzaG93IjoiYWxsLTc5NzI4ZjAifQ%3D%3D\">\n\t\t\t\t\t<div class=\"e-gallery-image elementor-gallery-item__image\" data-thumbnail=\"https:\/\/www.karinahealthandcare.com\/wp-content\/uploads\/2021\/05\/IMG_9935.jpg\" data-width=\"2048\" data-height=\"1536\" alt=\"\" ><\/div>\n\t\t\t\t\t\t\t\t\t\t<div class=\"elementor-gallery-item__overlay\"><\/div>\n\t\t\t\t\t\t\t\t\t\t\t\t\t\t<\/a>\n\t\t\t\t\t\t\t<a class=\"e-gallery-item elementor-gallery-item elementor-animated-content\" href=\"https:\/\/www.karinahealthandcare.com\/wp-content\/uploads\/2021\/05\/IMG_9934.jpg\" data-elementor-open-lightbox=\"yes\" data-elementor-lightbox-slideshow=\"all-79728f0\" data-elementor-lightbox-title=\"IMG_9934\" data-e-action-hash=\"#elementor-action%3Aaction%3Dlightbox%26settings%3DeyJpZCI6MTg4LCJ1cmwiOiJodHRwczpcL1wvd3d3LmthcmluYWhlYWx0aGFuZGNhcmUuY29tXC93cC1jb250ZW50XC91cGxvYWRzXC8yMDIxXC8wNVwvSU1HXzk5MzQuanBnIiwic2xpZGVzaG93IjoiYWxsLTc5NzI4ZjAifQ%3D%3D\">\n\t\t\t\t\t<div class=\"e-gallery-image elementor-gallery-item__image\" data-thumbnail=\"https:\/\/www.karinahealthandcare.com\/wp-content\/uploads\/2021\/05\/IMG_9934.jpg\" data-width=\"1539\" data-height=\"2048\" alt=\"\" ><\/div>\n\t\t\t\t\t\t\t\t\t\t<div class=\"elementor-gallery-item__overlay\"><\/div>\n\t\t\t\t\t\t\t\t\t\t\t\t\t\t<\/a>\n\t\t\t\t\t<\/div>\n\t\t\t<\/div>\n\t\t\t\t<\/div>\n\t\t\t\t\t<\/div>\n\t\t<\/div>\n\t\t\t\t\t<\/div>\n\t\t<\/section>\n\t\t\t\t<section class=\"elementor-section elementor-top-section elementor-element elementor-element-ad72af6 elementor-section-full_width elementor-section-height-default elementor-section-height-default\" data-id=\"ad72af6\" data-element_type=\"section\">\n\t\t\t\t\t\t<div class=\"elementor-container elementor-column-gap-default\">\n\t\t\t\t\t<div class=\"elementor-column elementor-col-100 elementor-top-column elementor-element elementor-element-a78eaec\" data-id=\"a78eaec\" data-element_type=\"column\">\n\t\t\t<div class=\"elementor-widget-wrap elementor-element-populated\">\n\t\t\t\t\t\t<div class=\"elementor-element elementor-element-b88b696 elementor-invisible elementor-widget elementor-widget-image\" data-id=\"b88b696\" data-element_type=\"widget\" data-settings=\"{&quot;_animation&quot;:&quot;fadeInDown&quot;}\" data-widget_type=\"image.default\">\n\t\t\t\t<div class=\"elementor-widget-container\">\n\t\t\t\t\t\t\t\t\t\t\t\t\t<img decoding=\"async\" src=\"https:\/\/www.karinahealthandcare.com\/wp-content\/uploads\/elementor\/thumbs\/lotus-p6rzeanyqbxkbmdvsl5d59ahok91r6387d65wbj6y0.png\" title=\"lotus\" alt=\"lotus\" loading=\"lazy\" \/>\t\t\t\t\t\t\t\t\t\t\t\t\t<\/div>\n\t\t\t\t<\/div>\n\t\t\t\t\t<\/div>\n\t\t<\/div>\n\t\t\t\t\t<\/div>\n\t\t<\/section>\n\t\t\t\t<section class=\"elementor-section elementor-top-section elementor-element elementor-element-987899d elementor-section-boxed elementor-section-height-default elementor-section-height-default\" data-id=\"987899d\" data-element_type=\"section\">\n\t\t\t\t\t\t<div class=\"elementor-container elementor-column-gap-default\">\n\t\t\t\t\t<div class=\"elementor-column elementor-col-100 elementor-top-column elementor-element elementor-element-d20b2f3\" data-id=\"d20b2f3\" data-element_type=\"column\">\n\t\t\t<div class=\"elementor-widget-wrap\">\n\t\t\t\t\t\t\t<\/div>\n\t\t<\/div>\n\t\t\t\t\t<\/div>\n\t\t<\/section>\n\t\t\t\t<section class=\"elementor-section elementor-top-section elementor-element elementor-element-9ad0986 elementor-section-boxed elementor-section-height-default elementor-section-height-default\" data-id=\"9ad0986\" data-element_type=\"section\">\n\t\t\t\t\t\t<div class=\"elementor-container elementor-column-gap-default\">\n\t\t\t\t\t<div class=\"elementor-column elementor-col-100 elementor-top-column elementor-element elementor-element-4484683\" data-id=\"4484683\" data-element_type=\"column\">\n\t\t\t<div class=\"elementor-widget-wrap\">\n\t\t\t\t\t\t\t<\/div>\n\t\t<\/div>\n\t\t\t\t\t<\/div>\n\t\t<\/section>\n\t\t\t\t<\/div>\n\t\t","protected":false},"excerpt":{"rendered":"<p>KARINA NIKOLAEVA Mon parcours Passionn\u00e9e de m\u00e9decines naturelles et nutrition depuis plus de 15 ans. Je per\u00e7ois et je con\u00e7ois la personne dans sa globalit\u00e9 afin d\u2019estimer, soutenir puis optimiser les capacit\u00e9s d\u2019auto-gu\u00e9rison de l&rsquo;organisme de chacun et ainsi apporter des conseils et des soins adapt\u00e9s. Je suis heureuse de pouvoir vous accompagner, guider et [&hellip;]<\/p>\n","protected":false},"author":1,"featured_media":0,"parent":0,"menu_order":0,"comment_status":"closed","ping_status":"closed","template":"","meta":[],"_links":{"self":[{"href":"https:\/\/www.karinahealthandcare.com\/index.php\/wp-json\/wp\/v2\/pages\/182"}],"collection":[{"href":"https:\/\/www.karinahealthandcare.com\/index.php\/wp-json\/wp\/v2\/pages"}],"about":[{"href":"https:\/\/www.karinahealthandcare.com\/index.php\/wp-json\/wp\/v2\/types\/page"}],"author":[{"embeddable":true,"href":"https:\/\/www.karinahealthandcare.com\/index.php\/wp-json\/wp\/v2\/users\/1"}],"replies":[{"embeddable":true,"href":"https:\/\/www.karinahealthandcare.com\/index.php\/wp-json\/wp\/v2\/comments?post=182"}],"version-history":[{"count":76,"href":"https:\/\/www.karinahealthandcare.com\/index.php\/wp-json\/wp\/v2\/pages\/182\/revisions"}],"predecessor-version":[{"id":2207,"href":"https:\/\/www.karinahealthandcare.com\/index.php\/wp-json\/wp\/v2\/pages\/182\/revisions\/2207"}],"wp:attachment":[{"href":"https:\/\/www.karinahealthandcare.com\/index.php\/wp-json\/wp\/v2\/media?parent=182"}],"curies":[{"name":"wp","href":"https:\/\/api.w.org\/{rel}","templated":true}]}}