{"id":228,"date":"2021-05-04T12:50:28","date_gmt":"2021-05-04T10:50:28","guid":{"rendered":"http:\/\/www.karinahealthandcare.com\/?page_id=228"},"modified":"2023-07-04T15:54:59","modified_gmt":"2023-07-04T13:54:59","slug":"contact","status":"publish","type":"page","link":"https:\/\/www.karinahealthandcare.com\/index.php\/contact\/","title":{"rendered":"Contact"},"content":{"rendered":"\t\t<div data-elementor-type=\"wp-page\" data-elementor-id=\"228\" class=\"elementor elementor-228\">\n\t\t\t\t\t\t<section class=\"elementor-section elementor-top-section elementor-element elementor-element-fd3ee54 elementor-section-full_width elementor-section-height-default elementor-section-height-default\" data-id=\"fd3ee54\" data-element_type=\"section\">\n\t\t\t\t\t\t<div class=\"elementor-container elementor-column-gap-default\">\n\t\t\t\t\t<div class=\"elementor-column elementor-col-100 elementor-top-column elementor-element elementor-element-a0d45bd\" data-id=\"a0d45bd\" data-element_type=\"column\">\n\t\t\t<div class=\"elementor-widget-wrap elementor-element-populated\">\n\t\t\t\t\t\t<div class=\"elementor-element elementor-element-0b0302d elementor-widget elementor-widget-text-editor\" data-id=\"0b0302d\" data-element_type=\"widget\" data-widget_type=\"text-editor.default\">\n\t\t\t\t<div class=\"elementor-widget-container\">\n\t\t\t\t\t\t\t<p style=\"text-align: center;\">Pour toute prise de rendez-vous ou de demande particuli\u00e8re, veuillez remplir le formulaire de contact ci-dessous, ou bien via <a href=\"https:\/\/www.smartagenda.fr\/pro\/karinahealthandcare\/rendez-vous\/\">notre agenda en ligne.<\/a><\/p>\t\t\t\t\t\t<\/div>\n\t\t\t\t<\/div>\n\t\t\t\t\t<\/div>\n\t\t<\/div>\n\t\t\t\t\t<\/div>\n\t\t<\/section>\n\t\t\t\t<section class=\"elementor-section elementor-top-section elementor-element elementor-element-9d40c8a elementor-section-full_width elementor-section-height-default elementor-section-height-default\" data-id=\"9d40c8a\" data-element_type=\"section\" data-settings=\"{&quot;background_background&quot;:&quot;classic&quot;}\">\n\t\t\t\t\t\t<div class=\"elementor-container elementor-column-gap-default\">\n\t\t\t\t\t<div class=\"elementor-column elementor-col-100 elementor-top-column elementor-element elementor-element-ddd6cd4\" data-id=\"ddd6cd4\" data-element_type=\"column\">\n\t\t\t<div class=\"elementor-widget-wrap elementor-element-populated\">\n\t\t\t\t\t\t<div class=\"elementor-element elementor-element-f45f376 elementor-widget elementor-widget-heading\" data-id=\"f45f376\" data-element_type=\"widget\" data-widget_type=\"heading.default\">\n\t\t\t\t<div class=\"elementor-widget-container\">\n\t\t\t<h2 class=\"elementor-heading-title elementor-size-default\">CONTACT<\/h2>\t\t<\/div>\n\t\t\t\t<\/div>\n\t\t\t\t\t<\/div>\n\t\t<\/div>\n\t\t\t\t\t<\/div>\n\t\t<\/section>\n\t\t\t\t<section class=\"elementor-section elementor-top-section elementor-element elementor-element-b60b8d7 elementor-section-boxed elementor-section-height-default elementor-section-height-default\" data-id=\"b60b8d7\" data-element_type=\"section\" data-settings=\"{&quot;background_background&quot;:&quot;classic&quot;}\">\n\t\t\t\t\t\t<div class=\"elementor-container elementor-column-gap-default\">\n\t\t\t\t\t<div class=\"elementor-column elementor-col-100 elementor-top-column elementor-element elementor-element-4fc862e\" data-id=\"4fc862e\" data-element_type=\"column\">\n\t\t\t<div class=\"elementor-widget-wrap elementor-element-populated\">\n\t\t\t\t\t\t<div class=\"elementor-element elementor-element-3015079 elementor-button-align-center elementor-widget elementor-widget-form\" data-id=\"3015079\" data-element_type=\"widget\" data-settings=\"{&quot;step_next_label&quot;:&quot;Next&quot;,&quot;step_previous_label&quot;:&quot;Previous&quot;,&quot;step_type&quot;:&quot;number_text&quot;,&quot;step_icon_shape&quot;:&quot;circle&quot;}\" data-widget_type=\"form.default\">\n\t\t\t\t<div class=\"elementor-widget-container\">\n\t\t\t\t\t<form class=\"elementor-form\" method=\"post\" name=\"New Form\">\n\t\t\t<input type=\"hidden\" name=\"post_id\" value=\"228\"\/>\n\t\t\t<input type=\"hidden\" name=\"form_id\" value=\"3015079\"\/>\n\t\t\t<input type=\"hidden\" name=\"referer_title\" value=\"\" \/>\n\n\t\t\t\n\t\t\t<div class=\"elementor-form-fields-wrapper elementor-labels-above\">\n\t\t\t\t\t\t\t\t<div class=\"elementor-field-type-text elementor-field-group elementor-column elementor-field-group-name elementor-col-100 elementor-field-required\">\n\t\t\t\t\t<label for=\"form-field-name\" class=\"elementor-field-label\">Qui \u00eates-vous ?<\/label><input size=\"1\" type=\"text\" name=\"form_fields[name]\" id=\"form-field-name\" class=\"elementor-field elementor-size-md  elementor-field-textual\" placeholder=\"Votre pr\u00e9nom \/ nom\" required=\"required\" aria-required=\"true\">\t\t\t\t<\/div>\n\t\t\t\t\t\t\t\t<div class=\"elementor-field-type-email elementor-field-group elementor-column elementor-field-group-email elementor-col-100 elementor-field-required\">\n\t\t\t\t\t<input size=\"1\" type=\"email\" name=\"form_fields[email]\" id=\"form-field-email\" class=\"elementor-field elementor-size-md  elementor-field-textual\" placeholder=\"Votre adresse mail\" required=\"required\" aria-required=\"true\">\t\t\t\t<\/div>\n\t\t\t\t\t\t\t\t<div class=\"elementor-field-type-tel elementor-field-group elementor-column elementor-field-group-field_deaf5a9 elementor-col-100 elementor-field-required\">\n\t\t\t\t\t<input size=\"1\" type=\"tel\" name=\"form_fields[field_deaf5a9]\" id=\"form-field-field_deaf5a9\" class=\"elementor-field elementor-size-md  elementor-field-textual\" placeholder=\"Votre t\u00e9l\u00e9phone\" required=\"required\" aria-required=\"true\" pattern=\"[0-9()#&amp;+*-=.]+\" title=\"Only numbers and phone characters (#, -, *, etc) are accepted.\">\t\t\t\t<\/div>\n\t\t\t\t\t\t\t\t<div class=\"elementor-field-type-select elementor-field-group elementor-column elementor-field-group-field_4af2aa0 elementor-col-100 elementor-field-type-select-multiple\">\n\t\t\t\t\t<label for=\"form-field-field_4af2aa0\" class=\"elementor-field-label\">Par quelle(s) prestation(s) \u00eates-vous int\u00e9ress\u00e9 ?<\/label>\t\t<div class=\"elementor-field elementor-select-wrapper \">\n\t\t\t<select name=\"form_fields[field_4af2aa0][]\" id=\"form-field-field_4af2aa0\" class=\"elementor-field-textual elementor-size-md\" multiple=\"\" size=\"2\">\n\t\t\t\t<option value=\"- Consultation en Naturopathie\">- Consultation en Naturopathie<\/option><option value=\"- Bior\u00e9sonance bilan complet\">- Bior\u00e9sonance bilan complet<\/option><option value=\"- Bior\u00e9sonance bilan complet + th\u00e9rapie corrective\">- Bior\u00e9sonance bilan complet + th\u00e9rapie corrective<\/option><option value=\"- Bior\u00e9sonance th\u00e9rapie corrective\">- Bior\u00e9sonance th\u00e9rapie corrective<\/option><option value=\"- DUO : Bior\u00e9sonance bilan complet \u00e0 deux\">- DUO : Bior\u00e9sonance bilan complet \u00e0 deux<\/option><option value=\"- DUO : Bior\u00e9sonance bilan complet + th\u00e9rapie corrective \u00e0 deux\">- DUO : Bior\u00e9sonance bilan complet + th\u00e9rapie corrective \u00e0 deux<\/option><option value=\"- DUO : Bior\u00e9sonance th\u00e9rapie corrective \u00e0 deux\">- DUO : Bior\u00e9sonance th\u00e9rapie corrective \u00e0 deux<\/option><option value=\"- S\u00e9ance Dien Chan R\u00e9flex\">- S\u00e9ance Dien Chan R\u00e9flex<\/option><option value=\"- Massage visage Renata Fran\u00e7a - Miracle Face\">- Massage visage Renata Fran\u00e7a - Miracle Face<\/option><option value=\"- Massage corps Renata Fran\u00e7a - Drainage ou Remodelage\">- Massage corps Renata Fran\u00e7a - Drainage ou Remodelage<\/option><option value=\"- Massage th\u00e9rapeutique corps (Digitopuncture, Guas Sha, Ventouses ...)\">- Massage th\u00e9rapeutique corps (Digitopuncture, Guas Sha, Ventouses ...)<\/option><option value=\"- Sport sant\u00e9 (individuel)\">- Sport sant\u00e9 (individuel)<\/option><option value=\"- Sport sant\u00e9 (en groupe)\">- Sport sant\u00e9 (en groupe)<\/option><option value=\"- Atelier Cuisine Crue Samedi 22 Juillet\">- Atelier Cuisine Crue Samedi 22 Juillet<\/option>\t\t\t<\/select>\n\t\t<\/div>\n\t\t\t\t\t\t<\/div>\n\t\t\t\t\t\t\t\t<div class=\"elementor-field-type-date elementor-field-group elementor-column elementor-field-group-field_2479a33 elementor-col-100\">\n\t\t\t\t\t<label for=\"form-field-field_2479a33\" class=\"elementor-field-label\">Vous souhaitez un rendez-vous ?<\/label><input type=\"date\" name=\"form_fields[field_2479a33]\" id=\"form-field-field_2479a33\" class=\"elementor-field elementor-size-md  elementor-field-textual elementor-date-field\" placeholder=\"Choisissez la date qui vous convient.\" pattern=\"[0-9]{4}-[0-9]{2}-[0-9]{2}\">\t\t\t\t<\/div>\n\t\t\t\t\t\t\t\t<div class=\"elementor-field-type-time elementor-field-group elementor-column elementor-field-group-field_c8c514a elementor-col-100\">\n\t\t\t\t\t<label for=\"form-field-field_c8c514a\" class=\"elementor-field-label\">Vers quelle heure ?<\/label><input type=\"time\" name=\"form_fields[field_c8c514a]\" id=\"form-field-field_c8c514a\" class=\"elementor-field elementor-size-md  elementor-field-textual elementor-time-field\" placeholder=\"Choisissez l&#039;heure qui vous convient.\">\t\t\t\t<\/div>\n\t\t\t\t\t\t\t\t<div class=\"elementor-field-type-textarea elementor-field-group elementor-column elementor-field-group-message elementor-col-100 elementor-field-required\">\n\t\t\t\t\t<label for=\"form-field-message\" class=\"elementor-field-label\">Message<\/label><textarea class=\"elementor-field-textual elementor-field  elementor-size-md\" name=\"form_fields[message]\" id=\"form-field-message\" rows=\"4\" placeholder=\"N&#039;h\u00e9sitez pas \u00e0 ajouter des informations compl\u00e9mentaires ou bien \u00e0 me laisser un message.\" required=\"required\" aria-required=\"true\"><\/textarea>\t\t\t\t<\/div>\n\t\t\t\t\t\t\t\t<div class=\"elementor-field-group elementor-column elementor-field-type-submit elementor-col-100 e-form__buttons\">\n\t\t\t\t\t<button type=\"submit\" class=\"elementor-button elementor-size-sm\">\n\t\t\t\t\t\t<span >\n\t\t\t\t\t\t\t\t\t\t\t\t\t\t\t<span class=\" elementor-button-icon\">\n\t\t\t\t\t\t\t\t\t\t\t\t\t\t\t\t\t\t\t\t\t\t\t\t\t\t<\/span>\n\t\t\t\t\t\t\t\t\t\t\t\t\t\t\t\t\t\t\t\t\t\t<span class=\"elementor-button-text\">Envoyer<\/span>\n\t\t\t\t\t\t\t\t\t\t\t\t\t<\/span>\n\t\t\t\t\t<\/button>\n\t\t\t\t<\/div>\n\t\t\t<\/div>\n\t\t<\/form>\n\t\t\t\t<\/div>\n\t\t\t\t<\/div>\n\t\t\t\t\t<\/div>\n\t\t<\/div>\n\t\t\t\t\t<\/div>\n\t\t<\/section>\n\t\t\t\t<section class=\"elementor-section elementor-top-section elementor-element elementor-element-c44e463 elementor-section-full_width elementor-section-height-default elementor-section-height-default\" data-id=\"c44e463\" data-element_type=\"section\">\n\t\t\t\t\t\t<div class=\"elementor-container elementor-column-gap-default\">\n\t\t\t\t\t<div class=\"elementor-column elementor-col-100 elementor-top-column elementor-element elementor-element-53aeb13\" data-id=\"53aeb13\" data-element_type=\"column\">\n\t\t\t<div class=\"elementor-widget-wrap elementor-element-populated\">\n\t\t\t\t\t\t<div class=\"elementor-element elementor-element-78bf2bd elementor-invisible elementor-widget elementor-widget-image\" data-id=\"78bf2bd\" data-element_type=\"widget\" data-settings=\"{&quot;_animation&quot;:&quot;fadeInDown&quot;}\" data-widget_type=\"image.default\">\n\t\t\t\t<div class=\"elementor-widget-container\">\n\t\t\t\t\t\t\t\t\t\t\t\t\t<img decoding=\"async\" src=\"https:\/\/www.karinahealthandcare.com\/wp-content\/uploads\/elementor\/thumbs\/lotus-p6rzeanyqbxkbmdvsl5d59ahok91r6387d65wbj6y0.png\" title=\"lotus\" alt=\"lotus\" loading=\"lazy\" \/>\t\t\t\t\t\t\t\t\t\t\t\t\t<\/div>\n\t\t\t\t<\/div>\n\t\t\t\t\t<\/div>\n\t\t<\/div>\n\t\t\t\t\t<\/div>\n\t\t<\/section>\n\t\t\t\t<section class=\"elementor-section elementor-top-section elementor-element elementor-element-28c5032 elementor-section-boxed elementor-section-height-default elementor-section-height-default\" data-id=\"28c5032\" data-element_type=\"section\">\n\t\t\t\t\t\t<div class=\"elementor-container elementor-column-gap-default\">\n\t\t\t\t\t<div class=\"elementor-column elementor-col-33 elementor-top-column elementor-element elementor-element-14c88ce\" data-id=\"14c88ce\" data-element_type=\"column\">\n\t\t\t<div class=\"elementor-widget-wrap elementor-element-populated\">\n\t\t\t\t\t\t<div class=\"elementor-element elementor-element-4861fbc elementor-widget elementor-widget-google_maps\" data-id=\"4861fbc\" data-element_type=\"widget\" data-widget_type=\"google_maps.default\">\n\t\t\t\t<div class=\"elementor-widget-container\">\n\t\t\t\t\t<div class=\"elementor-custom-embed\">\n\t\t\t<iframe loading=\"lazy\"\n\t\t\t\t\tsrc=\"https:\/\/maps.google.com\/maps?q=17%20rue%20Meyerbeer%2006000%20Nice&#038;t=m&#038;z=12&#038;output=embed&#038;iwloc=near\"\n\t\t\t\t\ttitle=\"17 rue Meyerbeer 06000 Nice\"\n\t\t\t\t\taria-label=\"17 rue Meyerbeer 06000 Nice\"\n\t\t\t><\/iframe>\n\t\t<\/div>\n\t\t\t\t<\/div>\n\t\t\t\t<\/div>\n\t\t\t\t\t<\/div>\n\t\t<\/div>\n\t\t\t\t<div class=\"elementor-column elementor-col-33 elementor-top-column elementor-element elementor-element-89bd2c4\" data-id=\"89bd2c4\" data-element_type=\"column\">\n\t\t\t<div class=\"elementor-widget-wrap elementor-element-populated\">\n\t\t\t\t\t\t<div class=\"elementor-element elementor-element-edcafa1 elementor-widget elementor-widget-heading\" data-id=\"edcafa1\" data-element_type=\"widget\" data-widget_type=\"heading.default\">\n\t\t\t\t<div class=\"elementor-widget-container\">\n\t\t\t<h2 class=\"elementor-heading-title elementor-size-default\">Le Centre Th\u00e9rapeutique<\/h2>\t\t<\/div>\n\t\t\t\t<\/div>\n\t\t\t\t<div class=\"elementor-element elementor-element-5b6cf84 elementor-widget elementor-widget-text-editor\" data-id=\"5b6cf84\" data-element_type=\"widget\" data-widget_type=\"text-editor.default\">\n\t\t\t\t<div class=\"elementor-widget-container\">\n\t\t\t\t\t\t\t<p style=\"text-align: center;\">17 Rue Meyerbeer<br \/>06000 Nice<br \/>&#8211;<br \/>Dans la cour arri\u00e8re de la boutique<br \/><strong>Must Have by Kary<\/strong><\/p>\t\t\t\t\t\t<\/div>\n\t\t\t\t<\/div>\n\t\t\t\t\t<\/div>\n\t\t<\/div>\n\t\t\t\t<div class=\"elementor-column elementor-col-33 elementor-top-column elementor-element elementor-element-f53ac54\" data-id=\"f53ac54\" data-element_type=\"column\">\n\t\t\t<div class=\"elementor-widget-wrap elementor-element-populated\">\n\t\t\t\t\t\t<div class=\"elementor-element elementor-element-d534332 elementor-widget elementor-widget-image\" data-id=\"d534332\" data-element_type=\"widget\" data-widget_type=\"image.default\">\n\t\t\t\t<div class=\"elementor-widget-container\">\n\t\t\t\t\t\t\t\t\t\t\t\t\t<img fetchpriority=\"high\" decoding=\"async\" width=\"2072\" height=\"1707\" src=\"https:\/\/www.karinahealthandcare.com\/wp-content\/uploads\/2023\/05\/centre-therapeutique.png\" class=\"attachment-full size-full wp-image-2029\" alt=\"\" srcset=\"https:\/\/www.karinahealthandcare.com\/wp-content\/uploads\/2023\/05\/centre-therapeutique.png 2072w, https:\/\/www.karinahealthandcare.com\/wp-content\/uploads\/2023\/05\/centre-therapeutique-300x247.png 300w, https:\/\/www.karinahealthandcare.com\/wp-content\/uploads\/2023\/05\/centre-therapeutique-1024x844.png 1024w, https:\/\/www.karinahealthandcare.com\/wp-content\/uploads\/2023\/05\/centre-therapeutique-768x633.png 768w, https:\/\/www.karinahealthandcare.com\/wp-content\/uploads\/2023\/05\/centre-therapeutique-1536x1265.png 1536w, https:\/\/www.karinahealthandcare.com\/wp-content\/uploads\/2023\/05\/centre-therapeutique-2048x1687.png 2048w\" sizes=\"(max-width: 2072px) 100vw, 2072px\" \/>\t\t\t\t\t\t\t\t\t\t\t\t\t<\/div>\n\t\t\t\t<\/div>\n\t\t\t\t\t<\/div>\n\t\t<\/div>\n\t\t\t\t\t<\/div>\n\t\t<\/section>\n\t\t\t\t<section class=\"elementor-section elementor-top-section elementor-element elementor-element-873332e elementor-section-full_width elementor-section-height-default elementor-section-height-default\" data-id=\"873332e\" data-element_type=\"section\">\n\t\t\t\t\t\t<div class=\"elementor-container elementor-column-gap-default\">\n\t\t\t\t\t<div class=\"elementor-column elementor-col-100 elementor-top-column elementor-element elementor-element-5af0292\" data-id=\"5af0292\" data-element_type=\"column\">\n\t\t\t<div class=\"elementor-widget-wrap elementor-element-populated\">\n\t\t\t\t\t\t<div class=\"elementor-element elementor-element-e602887 elementor-widget elementor-widget-text-editor\" data-id=\"e602887\" data-element_type=\"widget\" data-widget_type=\"text-editor.default\">\n\t\t\t\t<div class=\"elementor-widget-container\">\n\t\t\t\t\t\t\t<p>Vous pouvez \u00e9galement me trouver sur mes r\u00e9seaux sociaux et sur ma cha\u00eene YouTube :<\/p><p>Instagram : <strong><span style=\"color: #bbac98;\"><a style=\"color: #bbac98;\" href=\"https:\/\/www.instagram.com\/karina_nikolaeva_health_care\/?hl=fr\" target=\"_blank\" rel=\"noopener\">@karina_nikolaeva_health_care<\/a><\/span><\/strong><\/p><p>Facebook : <span style=\"color: #bbac98;\"><strong><a style=\"color: #bbac98;\" href=\"https:\/\/www.facebook.com\/karinanikolaeva.healthcare.5\" target=\"_blank\" rel=\"noopener\">Karina Nikolaeva Healthcare<\/a><\/strong><\/span><\/p><p>Youtube : <strong><span style=\"color: #bbac98;\"><a style=\"color: #bbac98;\" href=\"https:\/\/www.youtube.com\/channel\/UCJkKHOGLadkMgVVFqNYoyfg\" target=\"_blank\" rel=\"noopener\">CookwithKarina<\/a><\/span><\/strong><\/p>\t\t\t\t\t\t<\/div>\n\t\t\t\t<\/div>\n\t\t\t\t\t<\/div>\n\t\t<\/div>\n\t\t\t\t\t<\/div>\n\t\t<\/section>\n\t\t\t\t<\/div>\n\t\t","protected":false},"excerpt":{"rendered":"<p>Pour toute prise de rendez-vous ou de demande particuli\u00e8re, veuillez remplir le formulaire de contact ci-dessous, ou bien via notre agenda en ligne. CONTACT Le Centre Th\u00e9rapeutique 17 Rue Meyerbeer06000 Nice&#8211;Dans la cour arri\u00e8re de la boutiqueMust Have by Kary Vous pouvez \u00e9galement me trouver sur mes r\u00e9seaux sociaux et sur ma cha\u00eene YouTube : [&hellip;]<\/p>\n","protected":false},"author":1,"featured_media":0,"parent":0,"menu_order":0,"comment_status":"closed","ping_status":"closed","template":"","meta":[],"_links":{"self":[{"href":"https:\/\/www.karinahealthandcare.com\/index.php\/wp-json\/wp\/v2\/pages\/228"}],"collection":[{"href":"https:\/\/www.karinahealthandcare.com\/index.php\/wp-json\/wp\/v2\/pages"}],"about":[{"href":"https:\/\/www.karinahealthandcare.com\/index.php\/wp-json\/wp\/v2\/types\/page"}],"author":[{"embeddable":true,"href":"https:\/\/www.karinahealthandcare.com\/index.php\/wp-json\/wp\/v2\/users\/1"}],"replies":[{"embeddable":true,"href":"https:\/\/www.karinahealthandcare.com\/index.php\/wp-json\/wp\/v2\/comments?post=228"}],"version-history":[{"count":124,"href":"https:\/\/www.karinahealthandcare.com\/index.php\/wp-json\/wp\/v2\/pages\/228\/revisions"}],"predecessor-version":[{"id":2102,"href":"https:\/\/www.karinahealthandcare.com\/index.php\/wp-json\/wp\/v2\/pages\/228\/revisions\/2102"}],"wp:attachment":[{"href":"https:\/\/www.karinahealthandcare.com\/index.php\/wp-json\/wp\/v2\/media?parent=228"}],"curies":[{"name":"wp","href":"https:\/\/api.w.org\/{rel}","templated":true}]}}