{"id":266,"date":"2021-05-06T11:29:00","date_gmt":"2021-05-06T09:29:00","guid":{"rendered":"http:\/\/www.karinahealthandcare.com\/?page_id=266"},"modified":"2023-05-15T16:08:03","modified_gmt":"2023-05-15T14:08:03","slug":"sport","status":"publish","type":"page","link":"https:\/\/www.karinahealthandcare.com\/index.php\/sport\/","title":{"rendered":"Sport"},"content":{"rendered":"\t\t<div data-elementor-type=\"wp-page\" data-elementor-id=\"266\" class=\"elementor elementor-266\">\n\t\t\t\t\t\t<section class=\"elementor-section elementor-top-section elementor-element elementor-element-60b6e13 elementor-section-boxed elementor-section-height-default elementor-section-height-default\" data-id=\"60b6e13\" data-element_type=\"section\">\n\t\t\t\t\t\t<div class=\"elementor-container elementor-column-gap-default\">\n\t\t\t\t\t<div class=\"elementor-column elementor-col-100 elementor-top-column elementor-element elementor-element-2489e4d\" data-id=\"2489e4d\" data-element_type=\"column\">\n\t\t\t<div class=\"elementor-widget-wrap elementor-element-populated\">\n\t\t\t\t\t\t<div class=\"elementor-element elementor-element-c70c930 elementor-widget elementor-widget-spacer\" data-id=\"c70c930\" data-element_type=\"widget\" data-widget_type=\"spacer.default\">\n\t\t\t\t<div class=\"elementor-widget-container\">\n\t\t\t\t\t<div class=\"elementor-spacer\">\n\t\t\t<div class=\"elementor-spacer-inner\"><\/div>\n\t\t<\/div>\n\t\t\t\t<\/div>\n\t\t\t\t<\/div>\n\t\t\t\t\t<\/div>\n\t\t<\/div>\n\t\t\t\t\t<\/div>\n\t\t<\/section>\n\t\t\t\t<section class=\"elementor-section elementor-top-section elementor-element elementor-element-d725764 elementor-section-full_width elementor-section-height-default elementor-section-height-default\" data-id=\"d725764\" data-element_type=\"section\" data-settings=\"{&quot;background_background&quot;:&quot;classic&quot;}\">\n\t\t\t\t\t\t<div class=\"elementor-container elementor-column-gap-default\">\n\t\t\t\t\t<div class=\"elementor-column elementor-col-100 elementor-top-column elementor-element elementor-element-869fae4\" data-id=\"869fae4\" data-element_type=\"column\">\n\t\t\t<div class=\"elementor-widget-wrap elementor-element-populated\">\n\t\t\t\t\t\t<div class=\"elementor-element elementor-element-2df110f elementor-widget elementor-widget-heading\" data-id=\"2df110f\" data-element_type=\"widget\" data-widget_type=\"heading.default\">\n\t\t\t\t<div class=\"elementor-widget-container\">\n\t\t\t<h2 class=\"elementor-heading-title elementor-size-default\">SPORT<\/h2>\t\t<\/div>\n\t\t\t\t<\/div>\n\t\t\t\t\t<\/div>\n\t\t<\/div>\n\t\t\t\t\t<\/div>\n\t\t<\/section>\n\t\t\t\t<section class=\"elementor-section elementor-top-section elementor-element elementor-element-2133638 elementor-section-full_width elementor-section-height-default elementor-section-height-default\" data-id=\"2133638\" data-element_type=\"section\">\n\t\t\t\t\t\t<div class=\"elementor-container elementor-column-gap-default\">\n\t\t\t\t\t<div class=\"elementor-column elementor-col-100 elementor-top-column elementor-element elementor-element-2de11b9\" data-id=\"2de11b9\" data-element_type=\"column\">\n\t\t\t<div class=\"elementor-widget-wrap elementor-element-populated\">\n\t\t\t\t\t\t<div class=\"elementor-element elementor-element-ebe2ba8 elementor-widget elementor-widget-image\" data-id=\"ebe2ba8\" data-element_type=\"widget\" data-widget_type=\"image.default\">\n\t\t\t\t<div class=\"elementor-widget-container\">\n\t\t\t\t\t\t\t\t\t\t\t\t\t<img fetchpriority=\"high\" decoding=\"async\" width=\"2400\" height=\"800\" src=\"https:\/\/www.karinahealthandcare.com\/wp-content\/uploads\/2021\/05\/SPORT_CAT.jpg\" class=\"attachment-full size-full wp-image-609\" alt=\"\" srcset=\"https:\/\/www.karinahealthandcare.com\/wp-content\/uploads\/2021\/05\/SPORT_CAT.jpg 2400w, https:\/\/www.karinahealthandcare.com\/wp-content\/uploads\/2021\/05\/SPORT_CAT-300x100.jpg 300w, https:\/\/www.karinahealthandcare.com\/wp-content\/uploads\/2021\/05\/SPORT_CAT-1024x341.jpg 1024w, https:\/\/www.karinahealthandcare.com\/wp-content\/uploads\/2021\/05\/SPORT_CAT-768x256.jpg 768w, https:\/\/www.karinahealthandcare.com\/wp-content\/uploads\/2021\/05\/SPORT_CAT-1536x512.jpg 1536w, https:\/\/www.karinahealthandcare.com\/wp-content\/uploads\/2021\/05\/SPORT_CAT-2048x683.jpg 2048w\" sizes=\"(max-width: 2400px) 100vw, 2400px\" \/>\t\t\t\t\t\t\t\t\t\t\t\t\t<\/div>\n\t\t\t\t<\/div>\n\t\t\t\t\t<\/div>\n\t\t<\/div>\n\t\t\t\t\t<\/div>\n\t\t<\/section>\n\t\t\t\t<section class=\"elementor-section elementor-top-section elementor-element elementor-element-51201f4 elementor-section-full_width elementor-section-height-default elementor-section-height-default\" data-id=\"51201f4\" data-element_type=\"section\">\n\t\t\t\t\t\t<div class=\"elementor-container elementor-column-gap-default\">\n\t\t\t\t\t<div class=\"elementor-column elementor-col-100 elementor-top-column elementor-element elementor-element-1c5c6e7\" data-id=\"1c5c6e7\" data-element_type=\"column\">\n\t\t\t<div class=\"elementor-widget-wrap elementor-element-populated\">\n\t\t\t\t\t\t<div class=\"elementor-element elementor-element-e710cd5 elementor-cta--layout-image-right elementor-cta--mobile-layout-image-above elementor-cta--skin-classic elementor-animated-content elementor-bg-transform elementor-bg-transform-zoom-in elementor-widget elementor-widget-call-to-action\" data-id=\"e710cd5\" data-element_type=\"widget\" data-widget_type=\"call-to-action.default\">\n\t\t\t\t<div class=\"elementor-widget-container\">\n\t\t\t\t\t<div  class=\"elementor-cta\">\n\t\t\t\t\t<div class=\"elementor-cta__bg-wrapper\">\n\t\t\t\t<div class=\"elementor-cta__bg elementor-bg\" style=\"background-image: url(https:\/\/www.karinahealthandcare.com\/wp-content\/uploads\/2021\/05\/PILATES.jpg);\"><\/div>\n\t\t\t\t<div class=\"elementor-cta__bg-overlay\"><\/div>\n\t\t\t<\/div>\n\t\t\t\t\t\t\t<div class=\"elementor-cta__content\">\n\t\t\t\t\n\t\t\t\t\t\t\t\t\t<h2 class=\"elementor-cta__title elementor-cta__content-item elementor-content-item\">\n\t\t\t\t\t\tCoach sportive\t\t\t\t\t<\/h2>\n\t\t\t\t\n\t\t\t\t\t\t\t\t\t<div class=\"elementor-cta__description elementor-cta__content-item elementor-content-item\">\n\t\t\t\t\t\tJe suis heureuse de pouvoir vous accompagner, guider et aider a\u0300 devenir le meilleur ami de votre corps, de votre sante\u0301 et de votre bien-e\u0302tre. <br \/><br \/>Je suis diplo\u0302me\u0301e d\u2019un CQP (certificat de qualification professionnelle) dans le domaine de toutes activite\u0301s gymniques d\u2019expression et d\u2019entretien corporel. Ce diplo\u0302me me permet de pouvoir encadrer, de manie\u0300re professionnelle, des seances personnalise\u0301es de \"sport-sante\u0301\" et vient completer mes activite\u0301s ainsi que mon concept de prise en main, plus globale, de votre <b>\u00ab sante\u0301 - forme - bien-e\u0302tre \u00bb<\/b>.\t\t\t\t\t<\/div>\n\t\t\t\t\n\t\t\t\t\t\t\t<\/div>\n\t\t\t\t\t\t<\/div>\n\t\t\t\t<\/div>\n\t\t\t\t<\/div>\n\t\t\t\t\t<\/div>\n\t\t<\/div>\n\t\t\t\t\t<\/div>\n\t\t<\/section>\n\t\t\t\t<section class=\"elementor-section elementor-top-section elementor-element elementor-element-b3e4d6f elementor-section-boxed elementor-section-height-default elementor-section-height-default\" data-id=\"b3e4d6f\" data-element_type=\"section\">\n\t\t\t\t\t\t<div class=\"elementor-container elementor-column-gap-default\">\n\t\t\t\t\t\t<\/div>\n\t\t<\/section>\n\t\t\t\t<section class=\"elementor-section elementor-top-section elementor-element elementor-element-173ee03 elementor-section-boxed elementor-section-height-default elementor-section-height-default\" data-id=\"173ee03\" data-element_type=\"section\">\n\t\t\t\t\t\t<div class=\"elementor-container elementor-column-gap-default\">\n\t\t\t\t\t<div class=\"elementor-column elementor-col-100 elementor-top-column elementor-element elementor-element-c4541fc\" data-id=\"c4541fc\" data-element_type=\"column\">\n\t\t\t<div class=\"elementor-widget-wrap elementor-element-populated\">\n\t\t\t\t\t\t<div class=\"elementor-element elementor-element-dff2361 animated-slow elementor-invisible elementor-widget elementor-widget-heading\" data-id=\"dff2361\" data-element_type=\"widget\" data-settings=\"{&quot;_animation&quot;:&quot;fadeInDown&quot;}\" data-widget_type=\"heading.default\">\n\t\t\t\t<div class=\"elementor-widget-container\">\n\t\t\t<h2 class=\"elementor-heading-title elementor-size-default\">SPORT SANT\u00c9<\/h2>\t\t<\/div>\n\t\t\t\t<\/div>\n\t\t\t\t<div class=\"elementor-element elementor-element-68fb5ee elementor-widget elementor-widget-text-editor\" data-id=\"68fb5ee\" data-element_type=\"widget\" data-widget_type=\"text-editor.default\">\n\t\t\t\t<div class=\"elementor-widget-container\">\n\t\t\t\t\t\t\t<hr \/><p class=\"p1\" style=\"text-align: center;\"><strong><br \/>Yoga, Pilates, M\u00e9thode Gasquet, Fascia Flow &#8230;<\/strong><\/p><h5 class=\"p1\" style=\"text-align: center;\"><span style=\"color: #bbac98;\"><strong>POUR QUOI ?\u00a0<\/strong><\/span><\/h5>\t\t\t\t\t\t<\/div>\n\t\t\t\t<\/div>\n\t\t\t\t\t<\/div>\n\t\t<\/div>\n\t\t\t\t\t<\/div>\n\t\t<\/section>\n\t\t\t\t<section class=\"elementor-section elementor-top-section elementor-element elementor-element-0827fbe elementor-section-boxed elementor-section-height-default elementor-section-height-default\" data-id=\"0827fbe\" data-element_type=\"section\">\n\t\t\t\t\t\t<div class=\"elementor-container elementor-column-gap-default\">\n\t\t\t\t\t<div class=\"elementor-column elementor-col-20 elementor-top-column elementor-element elementor-element-e47c20f\" data-id=\"e47c20f\" data-element_type=\"column\">\n\t\t\t<div class=\"elementor-widget-wrap elementor-element-populated\">\n\t\t\t\t\t\t<div class=\"elementor-element elementor-element-f14aa43 elementor-position-top elementor-invisible elementor-widget elementor-widget-image-box\" data-id=\"f14aa43\" data-element_type=\"widget\" data-settings=\"{&quot;_animation&quot;:&quot;fadeInDown&quot;}\" data-widget_type=\"image-box.default\">\n\t\t\t\t<div class=\"elementor-widget-container\">\n\t\t\t<div class=\"elementor-image-box-wrapper\"><figure class=\"elementor-image-box-img\"><img decoding=\"async\" width=\"356\" height=\"355\" src=\"https:\/\/www.karinahealthandcare.com\/wp-content\/uploads\/2021\/06\/picto-musculation-1.jpg\" class=\"elementor-animation-grow attachment-full size-full wp-image-1021\" alt=\"\" srcset=\"https:\/\/www.karinahealthandcare.com\/wp-content\/uploads\/2021\/06\/picto-musculation-1.jpg 356w, https:\/\/www.karinahealthandcare.com\/wp-content\/uploads\/2021\/06\/picto-musculation-1-300x300.jpg 300w, https:\/\/www.karinahealthandcare.com\/wp-content\/uploads\/2021\/06\/picto-musculation-1-150x150.jpg 150w\" sizes=\"(max-width: 356px) 100vw, 356px\" \/><\/figure><div class=\"elementor-image-box-content\"><h3 class=\"elementor-image-box-title\">Renforcement musculaire<\/h3><\/div><\/div>\t\t<\/div>\n\t\t\t\t<\/div>\n\t\t\t\t\t<\/div>\n\t\t<\/div>\n\t\t\t\t<div class=\"elementor-column elementor-col-20 elementor-top-column elementor-element elementor-element-ecd507f\" data-id=\"ecd507f\" data-element_type=\"column\">\n\t\t\t<div class=\"elementor-widget-wrap elementor-element-populated\">\n\t\t\t\t\t\t<div class=\"elementor-element elementor-element-0b96c22 elementor-position-top elementor-invisible elementor-widget elementor-widget-image-box\" data-id=\"0b96c22\" data-element_type=\"widget\" data-settings=\"{&quot;_animation&quot;:&quot;fadeInDown&quot;}\" data-widget_type=\"image-box.default\">\n\t\t\t\t<div class=\"elementor-widget-container\">\n\t\t\t<div class=\"elementor-image-box-wrapper\"><figure class=\"elementor-image-box-img\"><img decoding=\"async\" width=\"356\" height=\"355\" src=\"https:\/\/www.karinahealthandcare.com\/wp-content\/uploads\/2021\/06\/picto-souplesse-1.jpg\" class=\"elementor-animation-grow attachment-full size-full wp-image-1020\" alt=\"\" srcset=\"https:\/\/www.karinahealthandcare.com\/wp-content\/uploads\/2021\/06\/picto-souplesse-1.jpg 356w, https:\/\/www.karinahealthandcare.com\/wp-content\/uploads\/2021\/06\/picto-souplesse-1-300x300.jpg 300w, https:\/\/www.karinahealthandcare.com\/wp-content\/uploads\/2021\/06\/picto-souplesse-1-150x150.jpg 150w\" sizes=\"(max-width: 356px) 100vw, 356px\" \/><\/figure><div class=\"elementor-image-box-content\"><h3 class=\"elementor-image-box-title\">Souplesse<\/h3><\/div><\/div>\t\t<\/div>\n\t\t\t\t<\/div>\n\t\t\t\t\t<\/div>\n\t\t<\/div>\n\t\t\t\t<div class=\"elementor-column elementor-col-20 elementor-top-column elementor-element elementor-element-228a578\" data-id=\"228a578\" data-element_type=\"column\">\n\t\t\t<div class=\"elementor-widget-wrap elementor-element-populated\">\n\t\t\t\t\t\t<div class=\"elementor-element elementor-element-f68344d elementor-position-top elementor-invisible elementor-widget elementor-widget-image-box\" data-id=\"f68344d\" data-element_type=\"widget\" data-settings=\"{&quot;_animation&quot;:&quot;fadeInDown&quot;}\" data-widget_type=\"image-box.default\">\n\t\t\t\t<div class=\"elementor-widget-container\">\n\t\t\t<div class=\"elementor-image-box-wrapper\"><figure class=\"elementor-image-box-img\"><img loading=\"lazy\" decoding=\"async\" width=\"356\" height=\"355\" src=\"https:\/\/www.karinahealthandcare.com\/wp-content\/uploads\/2021\/06\/picto-renforcementpostural-1.jpg\" class=\"elementor-animation-grow attachment-full size-full wp-image-1022\" alt=\"\" srcset=\"https:\/\/www.karinahealthandcare.com\/wp-content\/uploads\/2021\/06\/picto-renforcementpostural-1.jpg 356w, https:\/\/www.karinahealthandcare.com\/wp-content\/uploads\/2021\/06\/picto-renforcementpostural-1-300x300.jpg 300w, https:\/\/www.karinahealthandcare.com\/wp-content\/uploads\/2021\/06\/picto-renforcementpostural-1-150x150.jpg 150w\" sizes=\"(max-width: 356px) 100vw, 356px\" \/><\/figure><div class=\"elementor-image-box-content\"><h3 class=\"elementor-image-box-title\">Correction posturale<\/h3><\/div><\/div>\t\t<\/div>\n\t\t\t\t<\/div>\n\t\t\t\t\t<\/div>\n\t\t<\/div>\n\t\t\t\t<div class=\"elementor-column elementor-col-20 elementor-top-column elementor-element elementor-element-06b6a97\" data-id=\"06b6a97\" data-element_type=\"column\">\n\t\t\t<div class=\"elementor-widget-wrap elementor-element-populated\">\n\t\t\t\t\t\t<div class=\"elementor-element elementor-element-9e414d6 elementor-position-top elementor-invisible elementor-widget elementor-widget-image-box\" data-id=\"9e414d6\" data-element_type=\"widget\" data-settings=\"{&quot;_animation&quot;:&quot;fadeInDown&quot;}\" data-widget_type=\"image-box.default\">\n\t\t\t\t<div class=\"elementor-widget-container\">\n\t\t\t<div class=\"elementor-image-box-wrapper\"><figure class=\"elementor-image-box-img\"><img loading=\"lazy\" decoding=\"async\" width=\"356\" height=\"355\" src=\"https:\/\/www.karinahealthandcare.com\/wp-content\/uploads\/2021\/05\/picto-balance.jpg\" class=\"elementor-animation-grow attachment-full size-full wp-image-574\" alt=\"\" srcset=\"https:\/\/www.karinahealthandcare.com\/wp-content\/uploads\/2021\/05\/picto-balance.jpg 356w, https:\/\/www.karinahealthandcare.com\/wp-content\/uploads\/2021\/05\/picto-balance-300x300.jpg 300w, https:\/\/www.karinahealthandcare.com\/wp-content\/uploads\/2021\/05\/picto-balance-150x150.jpg 150w\" sizes=\"(max-width: 356px) 100vw, 356px\" \/><\/figure><div class=\"elementor-image-box-content\"><h3 class=\"elementor-image-box-title\">Poids<\/h3><\/div><\/div>\t\t<\/div>\n\t\t\t\t<\/div>\n\t\t\t\t\t<\/div>\n\t\t<\/div>\n\t\t\t\t<div class=\"elementor-column elementor-col-20 elementor-top-column elementor-element elementor-element-e8fb63a\" data-id=\"e8fb63a\" data-element_type=\"column\">\n\t\t\t<div class=\"elementor-widget-wrap elementor-element-populated\">\n\t\t\t\t\t\t<div class=\"elementor-element elementor-element-aa3700b elementor-position-top elementor-invisible elementor-widget elementor-widget-image-box\" data-id=\"aa3700b\" data-element_type=\"widget\" data-settings=\"{&quot;_animation&quot;:&quot;fadeInDown&quot;}\" data-widget_type=\"image-box.default\">\n\t\t\t\t<div class=\"elementor-widget-container\">\n\t\t\t<div class=\"elementor-image-box-wrapper\"><figure class=\"elementor-image-box-img\"><img loading=\"lazy\" decoding=\"async\" width=\"356\" height=\"355\" src=\"https:\/\/www.karinahealthandcare.com\/wp-content\/uploads\/2021\/05\/picto-sante.jpg\" class=\"elementor-animation-grow attachment-full size-full wp-image-577\" alt=\"\" srcset=\"https:\/\/www.karinahealthandcare.com\/wp-content\/uploads\/2021\/05\/picto-sante.jpg 356w, https:\/\/www.karinahealthandcare.com\/wp-content\/uploads\/2021\/05\/picto-sante-300x300.jpg 300w, https:\/\/www.karinahealthandcare.com\/wp-content\/uploads\/2021\/05\/picto-sante-150x150.jpg 150w\" sizes=\"(max-width: 356px) 100vw, 356px\" \/><\/figure><div class=\"elementor-image-box-content\"><h3 class=\"elementor-image-box-title\">Sant\u00e9<\/h3><\/div><\/div>\t\t<\/div>\n\t\t\t\t<\/div>\n\t\t\t\t\t<\/div>\n\t\t<\/div>\n\t\t\t\t\t<\/div>\n\t\t<\/section>\n\t\t\t\t<section class=\"elementor-section elementor-top-section elementor-element elementor-element-3248c88 elementor-section-full_width elementor-section-height-default elementor-section-height-default\" data-id=\"3248c88\" data-element_type=\"section\">\n\t\t\t\t\t\t<div class=\"elementor-container elementor-column-gap-default\">\n\t\t\t\t\t<div class=\"elementor-column elementor-col-100 elementor-top-column elementor-element elementor-element-2058d3d\" data-id=\"2058d3d\" data-element_type=\"column\">\n\t\t\t<div class=\"elementor-widget-wrap elementor-element-populated\">\n\t\t\t\t\t\t<div class=\"elementor-element elementor-element-728350c elementor-widget elementor-widget-price-list\" data-id=\"728350c\" data-element_type=\"widget\" data-widget_type=\"price-list.default\">\n\t\t\t\t<div class=\"elementor-widget-container\">\n\t\t\t\n\t\t<ul class=\"elementor-price-list\">\n\n\t\t\t\t\t\t\t\t\t<li><a class=\"elementor-price-list-item\" href=\"https:\/\/www.smartagenda.fr\/pro\/karinahealthandcare\/rendez-vous\/?affrdv&#038;tkaction=9--81831-09e4ffb230f39\">\t\t\t\t\n\t\t\t\t<div class=\"elementor-price-list-text\">\n\t\t\t\t\t\t\t\t\t<div class=\"elementor-price-list-header\">\n\t\t\t\t\t\t\t\t\t\t\t<span class=\"elementor-price-list-title\">S\u00e9ance particuli\u00e8re (1 heure)<\/span>\n\t\t\t\t\t\t\t\t\t\t\t\t\t\t\t\t\t\t<span class=\"elementor-price-list-separator\"><\/span>\n\t\t\t\t\t\t\t\t\t\t\t\t\t\t\t\t\t\t\t<span class=\"elementor-price-list-price\">60 \u20ac <\/span>\n\t\t\t\t\t\t\t\t\t\t<\/div>\n\t\t\t\t\t\t\t\t\t\t\t\t<\/div>\n\t\t\t\t<\/a><\/li>\t\t\t\t\t\t\t\t\t\t\t\t<li><a class=\"elementor-price-list-item\" href=\"https:\/\/www.smartagenda.fr\/pro\/karinahealthandcare\/rendez-vous\/?affrdv&#038;tkaction=9--81831-09e4ffb230f39\">\t\t\t\t\n\t\t\t\t<div class=\"elementor-price-list-text\">\n\t\t\t\t\t\t\t\t\t<div class=\"elementor-price-list-header\">\n\t\t\t\t\t\t\t\t\t\t\t<span class=\"elementor-price-list-title\">S\u00e9ance en groupe (1 heure)<\/span>\n\t\t\t\t\t\t\t\t\t\t\t\t\t\t\t\t\t\t<span class=\"elementor-price-list-separator\"><\/span>\n\t\t\t\t\t\t\t\t\t\t\t\t\t\t\t\t\t\t\t<span class=\"elementor-price-list-price\">15 \u20ac<\/span>\n\t\t\t\t\t\t\t\t\t\t<\/div>\n\t\t\t\t\t\t\t\t\t\t\t\t<\/div>\n\t\t\t\t<\/a><\/li>\t\t\t\t\t\n\t\t<\/ul>\n\n\t\t\t\t<\/div>\n\t\t\t\t<\/div>\n\t\t\t\t\t<\/div>\n\t\t<\/div>\n\t\t\t\t\t<\/div>\n\t\t<\/section>\n\t\t\t\t<section class=\"elementor-section elementor-top-section elementor-element elementor-element-2e11497 elementor-section-full_width elementor-section-height-default elementor-section-height-default\" data-id=\"2e11497\" data-element_type=\"section\">\n\t\t\t\t\t\t<div class=\"elementor-container elementor-column-gap-default\">\n\t\t\t\t\t<div class=\"elementor-column elementor-col-100 elementor-top-column elementor-element elementor-element-932e792\" data-id=\"932e792\" data-element_type=\"column\">\n\t\t\t<div class=\"elementor-widget-wrap elementor-element-populated\">\n\t\t\t\t\t\t<div class=\"elementor-element elementor-element-534ba3d elementor-widget elementor-widget-text-editor\" data-id=\"534ba3d\" data-element_type=\"widget\" data-widget_type=\"text-editor.default\">\n\t\t\t\t<div class=\"elementor-widget-container\">\n\t\t\t\t\t\t\t<p style=\"text-align: center;\">Les s\u00e9ances sportives particuli\u00e8res ou en groupe se d\u00e9roulent \u00e0 l&rsquo;ext\u00e9rieur ou dans le centre th\u00e9rapeutique et sont adapt\u00e9es selon votre niveau et vos besoins.<\/p>\t\t\t\t\t\t<\/div>\n\t\t\t\t<\/div>\n\t\t\t\t\t<\/div>\n\t\t<\/div>\n\t\t\t\t\t<\/div>\n\t\t<\/section>\n\t\t\t\t<section class=\"elementor-section elementor-top-section elementor-element elementor-element-f871775 elementor-section-boxed elementor-section-height-default elementor-section-height-default\" data-id=\"f871775\" data-element_type=\"section\">\n\t\t\t\t\t\t<div class=\"elementor-container elementor-column-gap-default\">\n\t\t\t\t\t<div class=\"elementor-column elementor-col-100 elementor-top-column elementor-element elementor-element-0f90224\" data-id=\"0f90224\" data-element_type=\"column\">\n\t\t\t<div class=\"elementor-widget-wrap elementor-element-populated\">\n\t\t\t\t\t\t<div class=\"elementor-element elementor-element-a2dd98a elementor-align-center elementor-widget elementor-widget-button\" data-id=\"a2dd98a\" data-element_type=\"widget\" data-widget_type=\"button.default\">\n\t\t\t\t<div class=\"elementor-widget-container\">\n\t\t\t\t\t<div class=\"elementor-button-wrapper\">\n\t\t\t<a class=\"elementor-button elementor-button-link elementor-size-lg\" href=\"https:\/\/www.smartagenda.fr\/pro\/karinahealthandcare\/rendez-vous\/\">\n\t\t\t\t\t\t<span class=\"elementor-button-content-wrapper\">\n\t\t\t\t\t\t\t\t\t<span class=\"elementor-button-text\">Prendre RDV<\/span>\n\t\t\t\t\t<\/span>\n\t\t\t\t\t<\/a>\n\t\t<\/div>\n\t\t\t\t<\/div>\n\t\t\t\t<\/div>\n\t\t\t\t\t<\/div>\n\t\t<\/div>\n\t\t\t\t\t<\/div>\n\t\t<\/section>\n\t\t\t\t<section class=\"elementor-section elementor-top-section elementor-element elementor-element-96c9ff1 elementor-section-boxed elementor-section-height-default elementor-section-height-default\" data-id=\"96c9ff1\" data-element_type=\"section\">\n\t\t\t\t\t\t<div class=\"elementor-container elementor-column-gap-default\">\n\t\t\t\t\t<div class=\"elementor-column elementor-col-100 elementor-top-column elementor-element elementor-element-bf321a2\" data-id=\"bf321a2\" data-element_type=\"column\">\n\t\t\t<div class=\"elementor-widget-wrap elementor-element-populated\">\n\t\t\t\t\t\t<div class=\"elementor-element elementor-element-6f9e268 elementor-invisible elementor-widget elementor-widget-image\" data-id=\"6f9e268\" data-element_type=\"widget\" data-settings=\"{&quot;_animation&quot;:&quot;fadeInDown&quot;}\" data-widget_type=\"image.default\">\n\t\t\t\t<div class=\"elementor-widget-container\">\n\t\t\t\t\t\t\t\t\t\t\t\t\t<img decoding=\"async\" src=\"https:\/\/www.karinahealthandcare.com\/wp-content\/uploads\/elementor\/thumbs\/lotus-p6rzeanyqbxkbmdvsl5d59ahok91r6387d65wbj6y0.png\" title=\"lotus\" alt=\"lotus\" loading=\"lazy\" \/>\t\t\t\t\t\t\t\t\t\t\t\t\t<\/div>\n\t\t\t\t<\/div>\n\t\t\t\t\t<\/div>\n\t\t<\/div>\n\t\t\t\t\t<\/div>\n\t\t<\/section>\n\t\t\t\t<\/div>\n\t\t","protected":false},"excerpt":{"rendered":"<p>SPORT Coach sportive Je suis heureuse de pouvoir vous accompagner, guider et aider a\u0300 devenir le meilleur ami de votre corps, de votre sante\u0301 et de votre bien-e\u0302tre. Je suis diplo\u0302me\u0301e d\u2019un CQP (certificat de qualification professionnelle) dans le domaine de toutes activite\u0301s gymniques d\u2019expression et d\u2019entretien corporel. Ce diplo\u0302me me permet de pouvoir encadrer, [&hellip;]<\/p>\n","protected":false},"author":1,"featured_media":0,"parent":0,"menu_order":0,"comment_status":"closed","ping_status":"closed","template":"","meta":[],"_links":{"self":[{"href":"https:\/\/www.karinahealthandcare.com\/index.php\/wp-json\/wp\/v2\/pages\/266"}],"collection":[{"href":"https:\/\/www.karinahealthandcare.com\/index.php\/wp-json\/wp\/v2\/pages"}],"about":[{"href":"https:\/\/www.karinahealthandcare.com\/index.php\/wp-json\/wp\/v2\/types\/page"}],"author":[{"embeddable":true,"href":"https:\/\/www.karinahealthandcare.com\/index.php\/wp-json\/wp\/v2\/users\/1"}],"replies":[{"embeddable":true,"href":"https:\/\/www.karinahealthandcare.com\/index.php\/wp-json\/wp\/v2\/comments?post=266"}],"version-history":[{"count":101,"href":"https:\/\/www.karinahealthandcare.com\/index.php\/wp-json\/wp\/v2\/pages\/266\/revisions"}],"predecessor-version":[{"id":2133,"href":"https:\/\/www.karinahealthandcare.com\/index.php\/wp-json\/wp\/v2\/pages\/266\/revisions\/2133"}],"wp:attachment":[{"href":"https:\/\/www.karinahealthandcare.com\/index.php\/wp-json\/wp\/v2\/media?parent=266"}],"curies":[{"name":"wp","href":"https:\/\/api.w.org\/{rel}","templated":true}]}}