{"id":343,"date":"2021-05-06T20:40:11","date_gmt":"2021-05-06T18:40:11","guid":{"rendered":"http:\/\/www.karinahealthandcare.com\/?page_id=343"},"modified":"2023-07-04T15:50:14","modified_gmt":"2023-07-04T13:50:14","slug":"ateliers","status":"publish","type":"page","link":"https:\/\/www.karinahealthandcare.com\/index.php\/ateliers\/","title":{"rendered":"Ateliers"},"content":{"rendered":"\t\t<div data-elementor-type=\"wp-page\" data-elementor-id=\"343\" class=\"elementor elementor-343\">\n\t\t\t\t\t\t<section class=\"elementor-section elementor-top-section elementor-element elementor-element-a711984 elementor-section-boxed elementor-section-height-default elementor-section-height-default\" data-id=\"a711984\" data-element_type=\"section\">\n\t\t\t\t\t\t<div class=\"elementor-container elementor-column-gap-default\">\n\t\t\t\t\t<div class=\"elementor-column elementor-col-100 elementor-top-column elementor-element elementor-element-aef62ab\" data-id=\"aef62ab\" data-element_type=\"column\">\n\t\t\t<div class=\"elementor-widget-wrap elementor-element-populated\">\n\t\t\t\t\t\t<div class=\"elementor-element elementor-element-262b30f elementor-invisible elementor-widget elementor-widget-image\" data-id=\"262b30f\" data-element_type=\"widget\" data-settings=\"{&quot;_animation&quot;:&quot;fadeInDown&quot;}\" data-widget_type=\"image.default\">\n\t\t\t\t<div class=\"elementor-widget-container\">\n\t\t\t\t\t\t\t\t\t\t\t\t\t<img decoding=\"async\" src=\"https:\/\/www.karinahealthandcare.com\/wp-content\/uploads\/elementor\/thumbs\/lotus-p6rzeanyqbxkbmdvsl5d59ahok91r6387d65wbj6y0.png\" title=\"lotus\" alt=\"lotus\" loading=\"lazy\" \/>\t\t\t\t\t\t\t\t\t\t\t\t\t<\/div>\n\t\t\t\t<\/div>\n\t\t\t\t\t<\/div>\n\t\t<\/div>\n\t\t\t\t\t<\/div>\n\t\t<\/section>\n\t\t\t\t<section class=\"elementor-section elementor-top-section elementor-element elementor-element-98144f1 elementor-section-full_width elementor-section-height-default elementor-section-height-default\" data-id=\"98144f1\" data-element_type=\"section\">\n\t\t\t\t\t\t<div class=\"elementor-container elementor-column-gap-default\">\n\t\t\t\t\t<div class=\"elementor-column elementor-col-100 elementor-top-column elementor-element elementor-element-0b12074\" data-id=\"0b12074\" data-element_type=\"column\">\n\t\t\t<div class=\"elementor-widget-wrap elementor-element-populated\">\n\t\t\t\t\t\t<div class=\"elementor-element elementor-element-aa20c07 elementor-widget elementor-widget-text-editor\" data-id=\"aa20c07\" data-element_type=\"widget\" data-widget_type=\"text-editor.default\">\n\t\t\t\t<div class=\"elementor-widget-container\">\n\t\t\t\t\t\t\t<div style=\"text-align: center;\"><p>Je vous propose un voyage culinaire et un plaisir pour les yeux et les papilles \u2026 !<\/p><p>Tout au long des ateliers, je vous parle des bienfaits de la cuisine crue et vivante mais aussi de diff\u00e9rentes techniques pour la r\u00e9alisation des recettes faciles, saines et surprenantes.<\/p><p>Apr\u00e8s la r\u00e9alisation des recettes, place \u00e0 la d\u00e9gustation des plats r\u00e9alis\u00e9s.\u00a0<\/p><p>Nous utiliseront et consommeront des aliments frais et bio ! \ud83c\udf45\ud83e\udd6c\ud83e\udd55\ud83e\udd52<\/p><p>Les ingr\u00e9dients et le mat\u00e9riel sont fournis.<\/p><p>&#8211;<\/p><p>Vous d\u00e9couvrirez une cuisine v\u00e9g\u00e9tale et vivante pleine de saveurs, de couleurs et de curiosit\u00e9 et tout cela dans la simplicit\u00e9 et le plaisir !<br \/><br \/><em><strong>Si vous avez envie de d\u00e9couvrir et d\u2019apprendre, alors n\u2019attendez plus et joignez-vous \u00e0 nos ateliers ! \ud83d\ude0d<\/strong><\/em><\/p><\/div><div>\u00a0<\/div>\t\t\t\t\t\t<\/div>\n\t\t\t\t<\/div>\n\t\t\t\t\t<\/div>\n\t\t<\/div>\n\t\t\t\t\t<\/div>\n\t\t<\/section>\n\t\t\t\t<section class=\"elementor-section elementor-top-section elementor-element elementor-element-080f13d elementor-section-full_width elementor-section-height-default elementor-section-height-default\" data-id=\"080f13d\" data-element_type=\"section\" data-settings=\"{&quot;background_background&quot;:&quot;classic&quot;}\">\n\t\t\t\t\t\t<div class=\"elementor-container elementor-column-gap-default\">\n\t\t\t\t\t<div class=\"elementor-column elementor-col-100 elementor-top-column elementor-element elementor-element-ab209c1\" data-id=\"ab209c1\" data-element_type=\"column\">\n\t\t\t<div class=\"elementor-widget-wrap elementor-element-populated\">\n\t\t\t\t\t\t<div class=\"elementor-element elementor-element-61b63f8 elementor-widget elementor-widget-heading\" data-id=\"61b63f8\" data-element_type=\"widget\" data-widget_type=\"heading.default\">\n\t\t\t\t<div class=\"elementor-widget-container\">\n\t\t\t<h2 class=\"elementor-heading-title elementor-size-default\">ATELIER PROCHAIN<\/h2>\t\t<\/div>\n\t\t\t\t<\/div>\n\t\t\t\t\t<\/div>\n\t\t<\/div>\n\t\t\t\t\t<\/div>\n\t\t<\/section>\n\t\t\t\t<section class=\"elementor-section elementor-top-section elementor-element elementor-element-52228d3 elementor-section-boxed elementor-section-height-default elementor-section-height-default\" data-id=\"52228d3\" data-element_type=\"section\">\n\t\t\t\t\t\t<div class=\"elementor-container elementor-column-gap-default\">\n\t\t\t\t\t<div class=\"elementor-column elementor-col-100 elementor-top-column elementor-element elementor-element-0474ca6\" data-id=\"0474ca6\" data-element_type=\"column\">\n\t\t\t<div class=\"elementor-widget-wrap elementor-element-populated\">\n\t\t\t\t\t\t<div class=\"elementor-element elementor-element-23aa02e elementor-cta--skin-cover elementor-cta--valign-middle elementor-widget__width-initial elementor-widget-mobile__width-inherit elementor-animated-content elementor-bg-transform elementor-bg-transform-zoom-in elementor-widget elementor-widget-call-to-action\" data-id=\"23aa02e\" data-element_type=\"widget\" data-widget_type=\"call-to-action.default\">\n\t\t\t\t<div class=\"elementor-widget-container\">\n\t\t\t\t\t<a href=\"https:\/\/www.smartagenda.fr\/pro\/karinahealthandcare\/rendez-vous\/?affrdv&#038;tkaction=1481--59219-0a85ddeb8ff3a\" class=\"elementor-cta\">\n\t\t\t\t\t<div class=\"elementor-cta__bg-wrapper\">\n\t\t\t\t<div class=\"elementor-cta__bg elementor-bg\" style=\"background-image: url(https:\/\/www.karinahealthandcare.com\/wp-content\/uploads\/2023\/07\/1.png);\"><\/div>\n\t\t\t\t<div class=\"elementor-cta__bg-overlay\"><\/div>\n\t\t\t<\/div>\n\t\t\t\t\t\t\t<div class=\"elementor-cta__content\">\n\t\t\t\t\n\t\t\t\t\t\t\t\t\t<h3 class=\"elementor-cta__title elementor-cta__content-item elementor-content-item elementor-animated-item--fade-in\">\n\t\t\t\t\t\tAtelier Cuisine Crue - Samedi 22 Juillet\t\t\t\t\t<\/h3>\n\t\t\t\t\n\t\t\t\t\t\t\t\t\t<div class=\"elementor-cta__description elementor-cta__content-item elementor-content-item elementor-animated-item--fade-in\">\n\t\t\t\t\t\tCentre th\u00e9rapeutique - 17 rue Meyerbeer 06000 Nice\n\n\n\n\n\t\t\t\t\t<\/div>\n\t\t\t\t\n\t\t\t\t\t\t\t\t\t<div class=\"elementor-cta__button-wrapper elementor-cta__content-item elementor-content-item elementor-animated-item--fade-in\">\n\t\t\t\t\t<span class=\"elementor-cta__button elementor-button elementor-size-md\">\n\t\t\t\t\t\tJe r\u00e9serve ma place\t\t\t\t\t<\/span>\n\t\t\t\t\t<\/div>\n\t\t\t\t\t\t\t<\/div>\n\t\t\t\t\t\t<\/a>\n\t\t\t\t<\/div>\n\t\t\t\t<\/div>\n\t\t\t\t\t<\/div>\n\t\t<\/div>\n\t\t\t\t\t<\/div>\n\t\t<\/section>\n\t\t\t\t<section class=\"elementor-section elementor-top-section elementor-element elementor-element-5b90e4a elementor-section-boxed elementor-section-height-default elementor-section-height-default\" data-id=\"5b90e4a\" data-element_type=\"section\">\n\t\t\t\t\t\t<div class=\"elementor-container elementor-column-gap-default\">\n\t\t\t\t\t<div class=\"elementor-column elementor-col-100 elementor-top-column elementor-element elementor-element-957044d\" data-id=\"957044d\" data-element_type=\"column\">\n\t\t\t<div class=\"elementor-widget-wrap elementor-element-populated\">\n\t\t\t\t\t\t<div class=\"elementor-element elementor-element-177a4db elementor-invisible elementor-widget elementor-widget-image\" data-id=\"177a4db\" data-element_type=\"widget\" data-settings=\"{&quot;_animation&quot;:&quot;fadeInDown&quot;}\" data-widget_type=\"image.default\">\n\t\t\t\t<div class=\"elementor-widget-container\">\n\t\t\t\t\t\t\t\t\t\t\t\t\t<img decoding=\"async\" src=\"https:\/\/www.karinahealthandcare.com\/wp-content\/uploads\/elementor\/thumbs\/lotus-p6rzeanyqbxkbmdvsl5d59ahok91r6387d65wbj6y0.png\" title=\"lotus\" alt=\"lotus\" loading=\"lazy\" \/>\t\t\t\t\t\t\t\t\t\t\t\t\t<\/div>\n\t\t\t\t<\/div>\n\t\t\t\t\t<\/div>\n\t\t<\/div>\n\t\t\t\t\t<\/div>\n\t\t<\/section>\n\t\t\t\t<section class=\"elementor-section elementor-top-section elementor-element elementor-element-43b4af3 elementor-section-boxed elementor-section-height-default elementor-section-height-default\" data-id=\"43b4af3\" data-element_type=\"section\">\n\t\t\t\t\t\t<div class=\"elementor-container elementor-column-gap-default\">\n\t\t\t\t\t<div class=\"elementor-column elementor-col-100 elementor-top-column elementor-element elementor-element-8058191\" data-id=\"8058191\" data-element_type=\"column\">\n\t\t\t<div class=\"elementor-widget-wrap elementor-element-populated\">\n\t\t\t\t\t\t<div class=\"elementor-element elementor-element-aa50f4d elementor-widget elementor-widget-heading\" data-id=\"aa50f4d\" data-element_type=\"widget\" data-widget_type=\"heading.default\">\n\t\t\t\t<div class=\"elementor-widget-container\">\n\t\t\t<h2 class=\"elementor-heading-title elementor-size-default\">R\u00e9servation atelier<\/h2>\t\t<\/div>\n\t\t\t\t<\/div>\n\t\t\t\t\t<\/div>\n\t\t<\/div>\n\t\t\t\t\t<\/div>\n\t\t<\/section>\n\t\t\t\t<section class=\"elementor-section elementor-top-section elementor-element elementor-element-6aade56 elementor-section-boxed elementor-section-height-default elementor-section-height-default\" data-id=\"6aade56\" data-element_type=\"section\" data-settings=\"{&quot;background_background&quot;:&quot;classic&quot;}\">\n\t\t\t\t\t\t<div class=\"elementor-container elementor-column-gap-default\">\n\t\t\t\t\t<div class=\"elementor-column elementor-col-100 elementor-top-column elementor-element elementor-element-42482c1\" data-id=\"42482c1\" data-element_type=\"column\">\n\t\t\t<div class=\"elementor-widget-wrap elementor-element-populated\">\n\t\t\t\t\t\t<div class=\"elementor-element elementor-element-90af2d7 elementor-button-align-center elementor-widget elementor-widget-form\" data-id=\"90af2d7\" data-element_type=\"widget\" data-settings=\"{&quot;step_next_label&quot;:&quot;Next&quot;,&quot;step_previous_label&quot;:&quot;Previous&quot;,&quot;step_type&quot;:&quot;number_text&quot;,&quot;step_icon_shape&quot;:&quot;circle&quot;}\" data-widget_type=\"form.default\">\n\t\t\t\t<div class=\"elementor-widget-container\">\n\t\t\t\t\t<form class=\"elementor-form\" method=\"post\" name=\"New Form\">\n\t\t\t<input type=\"hidden\" name=\"post_id\" value=\"343\"\/>\n\t\t\t<input type=\"hidden\" name=\"form_id\" value=\"90af2d7\"\/>\n\t\t\t<input type=\"hidden\" name=\"referer_title\" value=\"\" \/>\n\n\t\t\t\n\t\t\t<div class=\"elementor-form-fields-wrapper elementor-labels-above\">\n\t\t\t\t\t\t\t\t<div class=\"elementor-field-type-text elementor-field-group elementor-column elementor-field-group-name elementor-col-100 elementor-field-required\">\n\t\t\t\t\t<label for=\"form-field-name\" class=\"elementor-field-label\">Qui \u00eates-vous ?<\/label><input size=\"1\" type=\"text\" name=\"form_fields[name]\" id=\"form-field-name\" class=\"elementor-field elementor-size-sm  elementor-field-textual\" placeholder=\"Votre pr\u00e9nom \/ nom\" required=\"required\" aria-required=\"true\">\t\t\t\t<\/div>\n\t\t\t\t\t\t\t\t<div class=\"elementor-field-type-email elementor-field-group elementor-column elementor-field-group-email elementor-col-100 elementor-field-required\">\n\t\t\t\t\t<input size=\"1\" type=\"email\" name=\"form_fields[email]\" id=\"form-field-email\" class=\"elementor-field elementor-size-sm  elementor-field-textual\" placeholder=\"Votre adresse email\" required=\"required\" aria-required=\"true\">\t\t\t\t<\/div>\n\t\t\t\t\t\t\t\t<div class=\"elementor-field-type-select elementor-field-group elementor-column elementor-field-group-field_084fbd9 elementor-col-100 elementor-field-type-select-multiple elementor-field-required\">\n\t\t\t\t\t<label for=\"form-field-field_084fbd9\" class=\"elementor-field-label\">Je suis int\u00e9ress\u00e9(e) par<\/label>\t\t<div class=\"elementor-field elementor-select-wrapper \">\n\t\t\t<select name=\"form_fields[field_084fbd9][]\" id=\"form-field-field_084fbd9\" class=\"elementor-field-textual elementor-size-sm\" required=\"required\" aria-required=\"true\" multiple=\"\">\n\t\t\t\t<option value=\"Atelier Cuisine Crue - Samedi 22 Juillet 2023\">Atelier Cuisine Crue - Samedi 22 Juillet 2023<\/option>\t\t\t<\/select>\n\t\t<\/div>\n\t\t\t\t\t\t<\/div>\n\t\t\t\t\t\t\t\t<div class=\"elementor-field-type-textarea elementor-field-group elementor-column elementor-field-group-message elementor-col-100\">\n\t\t\t\t\t<label for=\"form-field-message\" class=\"elementor-field-label\">Si vous souhaitez laisser un message<\/label><textarea class=\"elementor-field-textual elementor-field  elementor-size-sm\" name=\"form_fields[message]\" id=\"form-field-message\" rows=\"4\" placeholder=\"Votre message\"><\/textarea>\t\t\t\t<\/div>\n\t\t\t\t\t\t\t\t<div class=\"elementor-field-group elementor-column elementor-field-type-submit elementor-col-100 e-form__buttons\">\n\t\t\t\t\t<button type=\"submit\" class=\"elementor-button elementor-size-sm\">\n\t\t\t\t\t\t<span >\n\t\t\t\t\t\t\t\t\t\t\t\t\t\t\t<span class=\" elementor-button-icon\">\n\t\t\t\t\t\t\t\t\t\t\t\t\t\t\t\t\t\t\t\t\t\t\t\t\t\t<\/span>\n\t\t\t\t\t\t\t\t\t\t\t\t\t\t\t\t\t\t\t\t\t\t<span class=\"elementor-button-text\">R\u00e9server<\/span>\n\t\t\t\t\t\t\t\t\t\t\t\t\t<\/span>\n\t\t\t\t\t<\/button>\n\t\t\t\t<\/div>\n\t\t\t<\/div>\n\t\t<\/form>\n\t\t\t\t<\/div>\n\t\t\t\t<\/div>\n\t\t\t\t\t<\/div>\n\t\t<\/div>\n\t\t\t\t\t<\/div>\n\t\t<\/section>\n\t\t\t\t<section class=\"elementor-section elementor-top-section elementor-element elementor-element-28c68fe elementor-section-full_width elementor-section-height-default elementor-section-height-default elementor-invisible\" data-id=\"28c68fe\" data-element_type=\"section\" data-settings=\"{&quot;animation&quot;:&quot;fadeInDown&quot;}\">\n\t\t\t\t\t\t<div class=\"elementor-container elementor-column-gap-default\">\n\t\t\t\t\t<div class=\"elementor-column elementor-col-100 elementor-top-column elementor-element elementor-element-aa95caa\" data-id=\"aa95caa\" data-element_type=\"column\">\n\t\t\t<div class=\"elementor-widget-wrap elementor-element-populated\">\n\t\t\t\t\t\t<div class=\"elementor-element elementor-element-065ae50 elementor-widget elementor-widget-image\" data-id=\"065ae50\" data-element_type=\"widget\" data-widget_type=\"image.default\">\n\t\t\t\t<div class=\"elementor-widget-container\">\n\t\t\t\t\t\t\t\t\t\t\t\t\t<img decoding=\"async\" src=\"https:\/\/www.karinahealthandcare.com\/wp-content\/uploads\/elementor\/thumbs\/lotus-p6rzeanyqbxkbmdvsl5d59ahok91r6387d65wbj6y0.png\" title=\"lotus\" alt=\"lotus\" loading=\"lazy\" \/>\t\t\t\t\t\t\t\t\t\t\t\t\t<\/div>\n\t\t\t\t<\/div>\n\t\t\t\t\t<\/div>\n\t\t<\/div>\n\t\t\t\t\t<\/div>\n\t\t<\/section>\n\t\t\t\t<section class=\"elementor-section elementor-top-section elementor-element elementor-element-fd488e4 elementor-section-full_width elementor-section-height-default elementor-section-height-default\" data-id=\"fd488e4\" data-element_type=\"section\" data-settings=\"{&quot;background_background&quot;:&quot;classic&quot;}\">\n\t\t\t\t\t\t<div class=\"elementor-container elementor-column-gap-default\">\n\t\t\t\t\t<div class=\"elementor-column elementor-col-100 elementor-top-column elementor-element elementor-element-b6d73e1\" data-id=\"b6d73e1\" data-element_type=\"column\">\n\t\t\t<div class=\"elementor-widget-wrap elementor-element-populated\">\n\t\t\t\t\t\t<div class=\"elementor-element elementor-element-9ef0a5d elementor-widget elementor-widget-heading\" data-id=\"9ef0a5d\" data-element_type=\"widget\" data-widget_type=\"heading.default\">\n\t\t\t\t<div class=\"elementor-widget-container\">\n\t\t\t<h2 class=\"elementor-heading-title elementor-size-default\">ATELIERS PASS\u00c9S<\/h2>\t\t<\/div>\n\t\t\t\t<\/div>\n\t\t\t\t\t<\/div>\n\t\t<\/div>\n\t\t\t\t\t<\/div>\n\t\t<\/section>\n\t\t\t\t<section class=\"elementor-section elementor-top-section elementor-element elementor-element-558ff59 elementor-section-full_width elementor-section-height-default elementor-section-height-default\" data-id=\"558ff59\" data-element_type=\"section\">\n\t\t\t\t\t\t<div class=\"elementor-container elementor-column-gap-default\">\n\t\t\t\t\t<div class=\"elementor-column elementor-col-20 elementor-top-column elementor-element elementor-element-5cc617c\" data-id=\"5cc617c\" data-element_type=\"column\">\n\t\t\t<div class=\"elementor-widget-wrap elementor-element-populated\">\n\t\t\t\t\t\t<div class=\"elementor-element elementor-element-783483a elementor-widget elementor-widget-image\" data-id=\"783483a\" data-element_type=\"widget\" data-widget_type=\"image.default\">\n\t\t\t\t<div class=\"elementor-widget-container\">\n\t\t\t\t\t\t\t\t\t\t\t\t\t<img fetchpriority=\"high\" decoding=\"async\" width=\"864\" height=\"1536\" src=\"https:\/\/www.karinahealthandcare.com\/wp-content\/uploads\/2023\/07\/atelier-precedent.jpg\" class=\"attachment-full size-full wp-image-2096\" alt=\"\" srcset=\"https:\/\/www.karinahealthandcare.com\/wp-content\/uploads\/2023\/07\/atelier-precedent.jpg 864w, https:\/\/www.karinahealthandcare.com\/wp-content\/uploads\/2023\/07\/atelier-precedent-169x300.jpg 169w, https:\/\/www.karinahealthandcare.com\/wp-content\/uploads\/2023\/07\/atelier-precedent-576x1024.jpg 576w, https:\/\/www.karinahealthandcare.com\/wp-content\/uploads\/2023\/07\/atelier-precedent-768x1365.jpg 768w\" sizes=\"(max-width: 864px) 100vw, 864px\" \/>\t\t\t\t\t\t\t\t\t\t\t\t\t<\/div>\n\t\t\t\t<\/div>\n\t\t\t\t\t<\/div>\n\t\t<\/div>\n\t\t\t\t<div class=\"elementor-column elementor-col-20 elementor-top-column elementor-element elementor-element-3755fb2\" data-id=\"3755fb2\" data-element_type=\"column\">\n\t\t\t<div class=\"elementor-widget-wrap elementor-element-populated\">\n\t\t\t\t\t\t<div class=\"elementor-element elementor-element-5dc3ce0 elementor-widget elementor-widget-image\" data-id=\"5dc3ce0\" data-element_type=\"widget\" data-widget_type=\"image.default\">\n\t\t\t\t<div class=\"elementor-widget-container\">\n\t\t\t\t\t\t\t\t\t\t\t\t\t<img decoding=\"async\" width=\"576\" height=\"1024\" src=\"https:\/\/www.karinahealthandcare.com\/wp-content\/uploads\/2023\/05\/affiche1-site-576x1024.jpg\" class=\"attachment-large size-large wp-image-1918\" alt=\"\" srcset=\"https:\/\/www.karinahealthandcare.com\/wp-content\/uploads\/2023\/05\/affiche1-site-576x1024.jpg 576w, https:\/\/www.karinahealthandcare.com\/wp-content\/uploads\/2023\/05\/affiche1-site-169x300.jpg 169w, https:\/\/www.karinahealthandcare.com\/wp-content\/uploads\/2023\/05\/affiche1-site-768x1365.jpg 768w, https:\/\/www.karinahealthandcare.com\/wp-content\/uploads\/2023\/05\/affiche1-site.jpg 864w\" sizes=\"(max-width: 576px) 100vw, 576px\" \/>\t\t\t\t\t\t\t\t\t\t\t\t\t<\/div>\n\t\t\t\t<\/div>\n\t\t\t\t\t<\/div>\n\t\t<\/div>\n\t\t\t\t<div class=\"elementor-column elementor-col-20 elementor-top-column elementor-element elementor-element-6e83a45\" data-id=\"6e83a45\" data-element_type=\"column\">\n\t\t\t<div class=\"elementor-widget-wrap elementor-element-populated\">\n\t\t\t\t\t\t<div class=\"elementor-element elementor-element-7e47b80 elementor-widget elementor-widget-image\" data-id=\"7e47b80\" data-element_type=\"widget\" data-widget_type=\"image.default\">\n\t\t\t\t<div class=\"elementor-widget-container\">\n\t\t\t\t\t\t\t\t\t\t\t\t\t<img decoding=\"async\" width=\"576\" height=\"1024\" src=\"https:\/\/www.karinahealthandcare.com\/wp-content\/uploads\/2021\/05\/IMG_0210-2-576x1024.jpg\" class=\"attachment-large size-large wp-image-626\" alt=\"\" srcset=\"https:\/\/www.karinahealthandcare.com\/wp-content\/uploads\/2021\/05\/IMG_0210-2-576x1024.jpg 576w, https:\/\/www.karinahealthandcare.com\/wp-content\/uploads\/2021\/05\/IMG_0210-2-169x300.jpg 169w, https:\/\/www.karinahealthandcare.com\/wp-content\/uploads\/2021\/05\/IMG_0210-2-768x1365.jpg 768w, https:\/\/www.karinahealthandcare.com\/wp-content\/uploads\/2021\/05\/IMG_0210-2-864x1536.jpg 864w, https:\/\/www.karinahealthandcare.com\/wp-content\/uploads\/2021\/05\/IMG_0210-2.jpg 900w\" sizes=\"(max-width: 576px) 100vw, 576px\" \/>\t\t\t\t\t\t\t\t\t\t\t\t\t<\/div>\n\t\t\t\t<\/div>\n\t\t\t\t\t<\/div>\n\t\t<\/div>\n\t\t\t\t<div class=\"elementor-column elementor-col-20 elementor-top-column elementor-element elementor-element-5449525\" data-id=\"5449525\" data-element_type=\"column\">\n\t\t\t<div class=\"elementor-widget-wrap elementor-element-populated\">\n\t\t\t\t\t\t<div class=\"elementor-element elementor-element-75308f2 elementor-widget elementor-widget-image\" data-id=\"75308f2\" data-element_type=\"widget\" data-widget_type=\"image.default\">\n\t\t\t\t<div class=\"elementor-widget-container\">\n\t\t\t\t\t\t\t\t\t\t\t\t\t<img loading=\"lazy\" decoding=\"async\" width=\"900\" height=\"1600\" src=\"https:\/\/www.karinahealthandcare.com\/wp-content\/uploads\/2021\/05\/stage-cuisine.jpg\" class=\"attachment-full size-full wp-image-759\" alt=\"\" srcset=\"https:\/\/www.karinahealthandcare.com\/wp-content\/uploads\/2021\/05\/stage-cuisine.jpg 900w, https:\/\/www.karinahealthandcare.com\/wp-content\/uploads\/2021\/05\/stage-cuisine-169x300.jpg 169w, https:\/\/www.karinahealthandcare.com\/wp-content\/uploads\/2021\/05\/stage-cuisine-576x1024.jpg 576w, https:\/\/www.karinahealthandcare.com\/wp-content\/uploads\/2021\/05\/stage-cuisine-768x1365.jpg 768w, https:\/\/www.karinahealthandcare.com\/wp-content\/uploads\/2021\/05\/stage-cuisine-864x1536.jpg 864w\" sizes=\"(max-width: 900px) 100vw, 900px\" \/>\t\t\t\t\t\t\t\t\t\t\t\t\t<\/div>\n\t\t\t\t<\/div>\n\t\t\t\t\t<\/div>\n\t\t<\/div>\n\t\t\t\t<div class=\"elementor-column elementor-col-20 elementor-top-column elementor-element elementor-element-2c7edc5\" data-id=\"2c7edc5\" data-element_type=\"column\">\n\t\t\t<div class=\"elementor-widget-wrap elementor-element-populated\">\n\t\t\t\t\t\t<div class=\"elementor-element elementor-element-992a6c5 elementor-widget elementor-widget-image\" data-id=\"992a6c5\" data-element_type=\"widget\" data-widget_type=\"image.default\">\n\t\t\t\t<div class=\"elementor-widget-container\">\n\t\t\t\t\t\t\t\t\t\t\t\t\t<img loading=\"lazy\" decoding=\"async\" width=\"900\" height=\"1600\" src=\"https:\/\/www.karinahealthandcare.com\/wp-content\/uploads\/2021\/05\/IMG_0212-2.jpg\" class=\"attachment-full size-full wp-image-624\" alt=\"\" srcset=\"https:\/\/www.karinahealthandcare.com\/wp-content\/uploads\/2021\/05\/IMG_0212-2.jpg 900w, https:\/\/www.karinahealthandcare.com\/wp-content\/uploads\/2021\/05\/IMG_0212-2-169x300.jpg 169w, https:\/\/www.karinahealthandcare.com\/wp-content\/uploads\/2021\/05\/IMG_0212-2-576x1024.jpg 576w, https:\/\/www.karinahealthandcare.com\/wp-content\/uploads\/2021\/05\/IMG_0212-2-768x1365.jpg 768w, https:\/\/www.karinahealthandcare.com\/wp-content\/uploads\/2021\/05\/IMG_0212-2-864x1536.jpg 864w\" sizes=\"(max-width: 900px) 100vw, 900px\" \/>\t\t\t\t\t\t\t\t\t\t\t\t\t<\/div>\n\t\t\t\t<\/div>\n\t\t\t\t\t<\/div>\n\t\t<\/div>\n\t\t\t\t\t<\/div>\n\t\t<\/section>\n\t\t\t\t<section class=\"elementor-section elementor-top-section elementor-element elementor-element-ceafd0d elementor-section-full_width elementor-section-height-default elementor-section-height-default\" data-id=\"ceafd0d\" data-element_type=\"section\">\n\t\t\t\t\t\t<div class=\"elementor-container elementor-column-gap-default\">\n\t\t\t\t\t<div class=\"elementor-column elementor-col-100 elementor-top-column elementor-element elementor-element-26c7efd\" data-id=\"26c7efd\" data-element_type=\"column\">\n\t\t\t<div class=\"elementor-widget-wrap elementor-element-populated\">\n\t\t\t\t\t\t<div class=\"elementor-element elementor-element-36f459a elementor-widget elementor-widget-text-editor\" data-id=\"36f459a\" data-element_type=\"widget\" data-widget_type=\"text-editor.default\">\n\t\t\t\t<div class=\"elementor-widget-container\">\n\t\t\t\t\t\t\t<p class=\"p1\" style=\"text-align: center;\">Les ateliers Cuisine, ou Cuisine + Sport peuvent \u00eatre organis\u00e9s sur demande.<\/p>\t\t\t\t\t\t<\/div>\n\t\t\t\t<\/div>\n\t\t\t\t\t<\/div>\n\t\t<\/div>\n\t\t\t\t\t<\/div>\n\t\t<\/section>\n\t\t\t\t<\/div>\n\t\t","protected":false},"excerpt":{"rendered":"<p>Je vous propose un voyage culinaire et un plaisir pour les yeux et les papilles \u2026 ! Tout au long des ateliers, je vous parle des bienfaits de la cuisine crue et vivante mais aussi de diff\u00e9rentes techniques pour la r\u00e9alisation des recettes faciles, saines et surprenantes. Apr\u00e8s la r\u00e9alisation des recettes, place \u00e0 la [&hellip;]<\/p>\n","protected":false},"author":1,"featured_media":0,"parent":0,"menu_order":0,"comment_status":"closed","ping_status":"closed","template":"","meta":[],"_links":{"self":[{"href":"https:\/\/www.karinahealthandcare.com\/index.php\/wp-json\/wp\/v2\/pages\/343"}],"collection":[{"href":"https:\/\/www.karinahealthandcare.com\/index.php\/wp-json\/wp\/v2\/pages"}],"about":[{"href":"https:\/\/www.karinahealthandcare.com\/index.php\/wp-json\/wp\/v2\/types\/page"}],"author":[{"embeddable":true,"href":"https:\/\/www.karinahealthandcare.com\/index.php\/wp-json\/wp\/v2\/users\/1"}],"replies":[{"embeddable":true,"href":"https:\/\/www.karinahealthandcare.com\/index.php\/wp-json\/wp\/v2\/comments?post=343"}],"version-history":[{"count":184,"href":"https:\/\/www.karinahealthandcare.com\/index.php\/wp-json\/wp\/v2\/pages\/343\/revisions"}],"predecessor-version":[{"id":2099,"href":"https:\/\/www.karinahealthandcare.com\/index.php\/wp-json\/wp\/v2\/pages\/343\/revisions\/2099"}],"wp:attachment":[{"href":"https:\/\/www.karinahealthandcare.com\/index.php\/wp-json\/wp\/v2\/media?parent=343"}],"curies":[{"name":"wp","href":"https:\/\/api.w.org\/{rel}","templated":true}]}}